{"id":3689768,"date":"2025-10-13T13:39:50","date_gmt":"2025-10-13T17:39:50","guid":{"rendered":"https:\/\/stoic-curie.212-227-153-4.plesk.page\/product\/mjerac-nivoa-otpadnih-voda-ecms-12-24v-crne-52mm\/"},"modified":"2026-02-25T00:00:56","modified_gmt":"2026-02-25T00:00:56","slug":"mjerac-nivoa-otpadnih-voda-ecms-12-24v-crne-52mm","status":"publish","type":"product","link":"https:\/\/stoic-curie.212-227-153-4.plesk.page\/hr\/product\/mjerac-nivoa-otpadnih-voda-ecms-12-24v-crne-52mm\/","title":{"rendered":"Mjera\u010d nivoa otpadnih voda ECMS 12 \/ 24V crne 52mm"},"content":{"rendered":"<p>Mjera\u010d nivoa otpadnih voda ECMS 12 \/ 24V crne 52mm &#8211; <\/p>\n<p>Ecms 12\/24V All Black instrumenti, potpuno opremljeni s Molex priklju\u010dkom. Crni nehr\u0111aju\u0107i \u010delik i crna broj\u010danica. Vodootporna IP67 za\u0161ti\u0107ena zakrivljena le\u0107a koja ne zamagljuje. Prilagodljiva vi\u0161ebojna LED osvijetljena broj\u010danica. Mjera\u010di razine mogu se postaviti na bilo koju vrijednost impedancije kori\u0161tenjem stra\u017enjeg konfiguracijskog gumba. Upravni su postavljeni na standardnu vrijednost 0-190 Ohm. Mjera\u010di pritiska ulja od 5 i 10 bara kompatibilni su sa standardnim senzorima (10-180 Ohm), dok je onaj od 30 bara kompatibilan samo s elektroni\u010dkim senzorima (0,5-4,5V). Ampermetri dolaze s senzorom (shunt) za mjerenje struje.<\/p>\n","protected":false},"excerpt":{"rendered":"<p>Mjera\u010d nivoa otpadnih voda ECMS 12 \/ 24V crne 52mm &#8211; Ecms 12\/24V All Black instrumenti, potpuno opremljeni s Molex<\/p>\n","protected":false},"featured_media":5942910,"comment_status":"closed","ping_status":"closed","template":"","meta":[],"product_brand":[2911],"product_cat":[1811,1649],"product_tag":[],"class_list":{"0":"post-3689768","1":"product","2":"type-product","3":"status-publish","4":"has-post-thumbnail","6":"product_brand-ecms-marine-hr","7":"product_cat-brodski-mjerni-instrumenti-ecms-a","8":"product_cat-spremnici-za-otpadne-vode","10":"first","11":"instock","12":"shipping-taxable","13":"purchasable","14":"product-type-simple"},"_links":{"self":[{"href":"https:\/\/stoic-curie.212-227-153-4.plesk.page\/hr\/wp-json\/wp\/v2\/product\/3689768","targetHints":{"allow":["GET"]}}],"collection":[{"href":"https:\/\/stoic-curie.212-227-153-4.plesk.page\/hr\/wp-json\/wp\/v2\/product"}],"about":[{"href":"https:\/\/stoic-curie.212-227-153-4.plesk.page\/hr\/wp-json\/wp\/v2\/types\/product"}],"replies":[{"embeddable":true,"href":"https:\/\/stoic-curie.212-227-153-4.plesk.page\/hr\/wp-json\/wp\/v2\/comments?post=3689768"}],"version-history":[{"count":0,"href":"https:\/\/stoic-curie.212-227-153-4.plesk.page\/hr\/wp-json\/wp\/v2\/product\/3689768\/revisions"}],"wp:featuredmedia":[{"embeddable":true,"href":"https:\/\/stoic-curie.212-227-153-4.plesk.page\/hr\/wp-json\/wp\/v2\/media\/5942910"}],"wp:attachment":[{"href":"https:\/\/stoic-curie.212-227-153-4.plesk.page\/hr\/wp-json\/wp\/v2\/media?parent=3689768"}],"wp:term":[{"taxonomy":"product_brand","embeddable":true,"href":"https:\/\/stoic-curie.212-227-153-4.plesk.page\/hr\/wp-json\/wp\/v2\/product_brand?post=3689768"},{"taxonomy":"product_cat","embeddable":true,"href":"https:\/\/stoic-curie.212-227-153-4.plesk.page\/hr\/wp-json\/wp\/v2\/product_cat?post=3689768"},{"taxonomy":"product_tag","embeddable":true,"href":"https:\/\/stoic-curie.212-227-153-4.plesk.page\/hr\/wp-json\/wp\/v2\/product_tag?post=3689768"}],"curies":[{"name":"wp","href":"https:\/\/api.w.org\/{rel}","templated":true}]}}