{"id":3689771,"date":"2025-10-13T13:39:51","date_gmt":"2025-10-13T17:39:51","guid":{"rendered":"https:\/\/stoic-curie.212-227-153-4.plesk.page\/product\/manometar-tlaka-ulja-od-10-bara-sve-crno\/"},"modified":"2026-02-25T00:00:56","modified_gmt":"2026-02-25T00:00:56","slug":"manometar-tlaka-ulja-od-10-bara-sve-crno","status":"publish","type":"product","link":"https:\/\/stoic-curie.212-227-153-4.plesk.page\/hr\/product\/manometar-tlaka-ulja-od-10-bara-sve-crno\/","title":{"rendered":"Manometar tlaka ulja od 10 bara sve crno"},"content":{"rendered":"<p>Manometar tlaka ulja od 10 bara sve crno &#8211; <\/p>\n<p>Ecms 12\/24V All Black mjera\u010di, potpuno opremljeni s Molex priklju\u010dkom. Crni okvir od nehr\u0111aju\u0107eg \u010delika i crni broj\u010danik. Vodootporna za\u0161tita IP67 i zakrivljeno staklo otporno na maglu. Prilagodljivo vi\u0161e boja LED pozadinsko osvjetljenje broj\u010danika. Mjera\u010di razine mogu se postaviti na bilo koju impedancijsku vrijednost pomo\u0107u stra\u017enjeg konfiguracijskog gumba. Zadani su na standardnu vrijednost 0-190 Ohm. Manometri za tlak ulja od 5 i 10 bara kompatibilni su sa standardnim senzorima (10-180 Ohm), dok je onaj od 30 bara kompatibilan samo s elektroni\u010dkim senzorima (0,5-4,5V). Ampermetri dolaze s senzorom (shunt) za mjerenje trenutne struje.<\/p>\n","protected":false},"excerpt":{"rendered":"<p>Manometar tlaka ulja od 10 bara sve crno &#8211; Ecms 12\/24V All Black mjera\u010di, potpuno opremljeni s Molex priklju\u010dkom. Crni<\/p>\n","protected":false},"featured_media":5942910,"comment_status":"closed","ping_status":"closed","template":"","meta":[],"product_brand":[2911],"product_cat":[1811],"product_tag":[],"class_list":{"0":"post-3689771","1":"product","2":"type-product","3":"status-publish","4":"has-post-thumbnail","6":"product_brand-ecms-marine-hr","7":"product_cat-brodski-mjerni-instrumenti-ecms-a","9":"first","10":"instock","11":"shipping-taxable","12":"purchasable","13":"product-type-simple"},"_links":{"self":[{"href":"https:\/\/stoic-curie.212-227-153-4.plesk.page\/hr\/wp-json\/wp\/v2\/product\/3689771","targetHints":{"allow":["GET"]}}],"collection":[{"href":"https:\/\/stoic-curie.212-227-153-4.plesk.page\/hr\/wp-json\/wp\/v2\/product"}],"about":[{"href":"https:\/\/stoic-curie.212-227-153-4.plesk.page\/hr\/wp-json\/wp\/v2\/types\/product"}],"replies":[{"embeddable":true,"href":"https:\/\/stoic-curie.212-227-153-4.plesk.page\/hr\/wp-json\/wp\/v2\/comments?post=3689771"}],"version-history":[{"count":0,"href":"https:\/\/stoic-curie.212-227-153-4.plesk.page\/hr\/wp-json\/wp\/v2\/product\/3689771\/revisions"}],"wp:featuredmedia":[{"embeddable":true,"href":"https:\/\/stoic-curie.212-227-153-4.plesk.page\/hr\/wp-json\/wp\/v2\/media\/5942910"}],"wp:attachment":[{"href":"https:\/\/stoic-curie.212-227-153-4.plesk.page\/hr\/wp-json\/wp\/v2\/media?parent=3689771"}],"wp:term":[{"taxonomy":"product_brand","embeddable":true,"href":"https:\/\/stoic-curie.212-227-153-4.plesk.page\/hr\/wp-json\/wp\/v2\/product_brand?post=3689771"},{"taxonomy":"product_cat","embeddable":true,"href":"https:\/\/stoic-curie.212-227-153-4.plesk.page\/hr\/wp-json\/wp\/v2\/product_cat?post=3689771"},{"taxonomy":"product_tag","embeddable":true,"href":"https:\/\/stoic-curie.212-227-153-4.plesk.page\/hr\/wp-json\/wp\/v2\/product_tag?post=3689771"}],"curies":[{"name":"wp","href":"https:\/\/api.w.org\/{rel}","templated":true}]}}