{"id":3689772,"date":"2025-10-13T13:39:51","date_gmt":"2025-10-13T17:39:51","guid":{"rendered":"https:\/\/stoic-curie.212-227-153-4.plesk.page\/product\/voltmetar-od-8-do-16-v-crni\/"},"modified":"2026-02-25T00:00:56","modified_gmt":"2026-02-25T00:00:56","slug":"voltmetar-od-8-do-16-v-crni","status":"publish","type":"product","link":"https:\/\/stoic-curie.212-227-153-4.plesk.page\/hr\/product\/voltmetar-od-8-do-16-v-crni\/","title":{"rendered":"Voltmetar od 8 do 16 V crni"},"content":{"rendered":"<p>Voltmetar od 8 do 16 V crni &#8211; <\/p>\n<p>Ecms 12\/24V Manometri u potpunosti crni s povezanim Molex priklju\u010dkom. Crna nehr\u0111aju\u0107i \u010delik okvir i crna plo\u010da. Vodootporno IP67 za\u0161ti\u0107eno konveksno staklo otporno na maglu. Prilagodljiva vi\u0161ebojna LED pozadinsko osvjetljenje. Mjereznici se mogu postaviti na bilo koju vrijednost impedancije pomo\u0107u gumba za konfiguraciju na stra\u017enjoj strani. Prethodno su postavljeni na standardnu vrijednost 0-190 Ohm. Manometri za pritisak ulja od 5 i 10 bara su kompatibilni sa standardnim senzorima (10-180 Ohm), dok je 30 bara kompatibilan samo s elektroni\u010dkim senzorima (0,5-4,5V). Ampermetri dolaze s senzorom (shunt) za mjerenje struje.<\/p>\n","protected":false},"excerpt":{"rendered":"<p>Voltmetar od 8 do 16 V crni &#8211; Ecms 12\/24V Manometri u potpunosti crni s povezanim Molex priklju\u010dkom. Crna nehr\u0111aju\u0107i<\/p>\n","protected":false},"featured_media":5942910,"comment_status":"closed","ping_status":"closed","template":"","meta":[],"product_brand":[2911],"product_cat":[1729,1811],"product_tag":[],"class_list":{"0":"post-3689772","1":"product","2":"type-product","3":"status-publish","4":"has-post-thumbnail","6":"product_brand-ecms-marine-hr","7":"product_cat-baterije","8":"product_cat-brodski-mjerni-instrumenti-ecms-a","10":"first","11":"instock","12":"shipping-taxable","13":"purchasable","14":"product-type-simple"},"_links":{"self":[{"href":"https:\/\/stoic-curie.212-227-153-4.plesk.page\/hr\/wp-json\/wp\/v2\/product\/3689772","targetHints":{"allow":["GET"]}}],"collection":[{"href":"https:\/\/stoic-curie.212-227-153-4.plesk.page\/hr\/wp-json\/wp\/v2\/product"}],"about":[{"href":"https:\/\/stoic-curie.212-227-153-4.plesk.page\/hr\/wp-json\/wp\/v2\/types\/product"}],"replies":[{"embeddable":true,"href":"https:\/\/stoic-curie.212-227-153-4.plesk.page\/hr\/wp-json\/wp\/v2\/comments?post=3689772"}],"version-history":[{"count":0,"href":"https:\/\/stoic-curie.212-227-153-4.plesk.page\/hr\/wp-json\/wp\/v2\/product\/3689772\/revisions"}],"wp:featuredmedia":[{"embeddable":true,"href":"https:\/\/stoic-curie.212-227-153-4.plesk.page\/hr\/wp-json\/wp\/v2\/media\/5942910"}],"wp:attachment":[{"href":"https:\/\/stoic-curie.212-227-153-4.plesk.page\/hr\/wp-json\/wp\/v2\/media?parent=3689772"}],"wp:term":[{"taxonomy":"product_brand","embeddable":true,"href":"https:\/\/stoic-curie.212-227-153-4.plesk.page\/hr\/wp-json\/wp\/v2\/product_brand?post=3689772"},{"taxonomy":"product_cat","embeddable":true,"href":"https:\/\/stoic-curie.212-227-153-4.plesk.page\/hr\/wp-json\/wp\/v2\/product_cat?post=3689772"},{"taxonomy":"product_tag","embeddable":true,"href":"https:\/\/stoic-curie.212-227-153-4.plesk.page\/hr\/wp-json\/wp\/v2\/product_tag?post=3689772"}],"curies":[{"name":"wp","href":"https:\/\/api.w.org\/{rel}","templated":true}]}}