{"id":3689773,"date":"2025-10-13T13:39:52","date_gmt":"2025-10-13T17:39:52","guid":{"rendered":"https:\/\/stoic-curie.212-227-153-4.plesk.page\/product\/ecms-12-24-v-svi-crni-senzori-senzor-kuta-kormila-52-mm\/"},"modified":"2026-02-25T00:00:56","modified_gmt":"2026-02-25T00:00:56","slug":"ecms-12-24-v-svi-crni-senzori-senzor-kuta-kormila-52-mm","status":"publish","type":"product","link":"https:\/\/stoic-curie.212-227-153-4.plesk.page\/hr\/product\/ecms-12-24-v-svi-crni-senzori-senzor-kuta-kormila-52-mm\/","title":{"rendered":"ECMS 12\/24 v svi crni senzori senzor kuta kormila 52 mm"},"content":{"rendered":"<p>ECMS 12\/24 v svi crni senzori senzor kuta kormila 52 mm &#8211; <\/p>\n<p>Ecms 12\/24V All Black mjera\u010di kompletni s priklju\u010denim Molex konektorom. Crni nehr\u0111aju\u0107i \u010delik s crnim broj\u010danikom. Vodootporna IP67 za\u0161ti\u0107ena konveksna le\u0107a otporna na maglu. Prilagodljivo vi\u0161ebojno LED pozadinsko osvjetljenje broj\u010danika. Razine mjera\u010di mogu se postaviti na bilo koju vrijednost impedance koriste\u0107i stra\u017enji konfiguracijski gumb. Oni su unaprijed postavljeni na standardnu vrijednost 0-190 Ohm. Mjera\u010di tlaka ulja od 5 i 10 bara kompatibilni su sa standardnim senzorima (10-180 Ohm), dok je mjera\u010d od 30 bara kompatibilan samo s elektroni\u010dkim senzorima (0.5-4.5V). Ampermetri dolaze s senzorom (shunt) za mjerenje struje.<\/p>\n","protected":false},"excerpt":{"rendered":"<p>ECMS 12\/24 v svi crni senzori senzor kuta kormila 52 mm &#8211; Ecms 12\/24V All Black mjera\u010di kompletni s priklju\u010denim<\/p>\n","protected":false},"featured_media":5942910,"comment_status":"closed","ping_status":"closed","template":"","meta":[],"product_brand":[2911],"product_cat":[1811],"product_tag":[],"class_list":{"0":"post-3689773","1":"product","2":"type-product","3":"status-publish","4":"has-post-thumbnail","6":"product_brand-ecms-marine-hr","7":"product_cat-brodski-mjerni-instrumenti-ecms-a","9":"first","10":"instock","11":"shipping-taxable","12":"purchasable","13":"product-type-simple"},"_links":{"self":[{"href":"https:\/\/stoic-curie.212-227-153-4.plesk.page\/hr\/wp-json\/wp\/v2\/product\/3689773","targetHints":{"allow":["GET"]}}],"collection":[{"href":"https:\/\/stoic-curie.212-227-153-4.plesk.page\/hr\/wp-json\/wp\/v2\/product"}],"about":[{"href":"https:\/\/stoic-curie.212-227-153-4.plesk.page\/hr\/wp-json\/wp\/v2\/types\/product"}],"replies":[{"embeddable":true,"href":"https:\/\/stoic-curie.212-227-153-4.plesk.page\/hr\/wp-json\/wp\/v2\/comments?post=3689773"}],"version-history":[{"count":0,"href":"https:\/\/stoic-curie.212-227-153-4.plesk.page\/hr\/wp-json\/wp\/v2\/product\/3689773\/revisions"}],"wp:featuredmedia":[{"embeddable":true,"href":"https:\/\/stoic-curie.212-227-153-4.plesk.page\/hr\/wp-json\/wp\/v2\/media\/5942910"}],"wp:attachment":[{"href":"https:\/\/stoic-curie.212-227-153-4.plesk.page\/hr\/wp-json\/wp\/v2\/media?parent=3689773"}],"wp:term":[{"taxonomy":"product_brand","embeddable":true,"href":"https:\/\/stoic-curie.212-227-153-4.plesk.page\/hr\/wp-json\/wp\/v2\/product_brand?post=3689773"},{"taxonomy":"product_cat","embeddable":true,"href":"https:\/\/stoic-curie.212-227-153-4.plesk.page\/hr\/wp-json\/wp\/v2\/product_cat?post=3689773"},{"taxonomy":"product_tag","embeddable":true,"href":"https:\/\/stoic-curie.212-227-153-4.plesk.page\/hr\/wp-json\/wp\/v2\/product_tag?post=3689773"}],"curies":[{"name":"wp","href":"https:\/\/api.w.org\/{rel}","templated":true}]}}