{"id":3689774,"date":"2025-10-13T13:39:52","date_gmt":"2025-10-13T17:39:52","guid":{"rendered":"https:\/\/stoic-curie.212-227-153-4.plesk.page\/product\/brojac-sati-ecms-bijeli-chrome-12-24v-52mm\/"},"modified":"2026-02-25T00:00:56","modified_gmt":"2026-02-25T00:00:56","slug":"brojac-sati-ecms-bijeli-chrome-12-24v-52mm","status":"publish","type":"product","link":"https:\/\/stoic-curie.212-227-153-4.plesk.page\/hr\/product\/brojac-sati-ecms-bijeli-chrome-12-24v-52mm\/","title":{"rendered":"Broja\u010d sati ECMS Bijeli Chrome 12\/24V 52mm"},"content":{"rendered":"<p>Broja\u010d sati ECMS Bijeli Chrome 12\/24V 52mm &#8211; <\/p>\n<p>Ecms bijele kromirane 12\/24V mjera\u010de s kabelskom Molex priklju\u010dkom. Polirani nehr\u0111aju\u0107i \u010delik i bijela podloga. Vodootporna IP67 za\u0161ti\u0107ena konveksna le\u0107a otporna na maglu. Prilagodljivo vi\u0161ebojno LED pozadinsko osvjetljenje broj\u010danika. Mjerne instrumente mo\u017eete postaviti na bilo koju vrijednost otpora koriste\u0107i stra\u017enji konfiguracijski gumb. Mjerni instrumenti su unaprijed postavljeni na standardnu vrijednost 0-190 Ohm. Manometri tlaka ulja od 5 i 10 bara kompatibilni su sa standardnim senzorima (10-180 Ohm), dok je 30 bara kompatibilan samo s elektroni\u010dkim senzorima (0,5-4,5V). Ampermetri dolaze s senzorem (shunt) za mjerenje struje.<\/p>\n","protected":false},"excerpt":{"rendered":"<p>Broja\u010d sati ECMS Bijeli Chrome 12\/24V 52mm &#8211; Ecms bijele kromirane 12\/24V mjera\u010de s kabelskom Molex priklju\u010dkom. Polirani nehr\u0111aju\u0107i \u010delik<\/p>\n","protected":false},"featured_media":5942294,"comment_status":"closed","ping_status":"closed","template":"","meta":[],"product_brand":[2911],"product_cat":[1811,1788],"product_tag":[],"class_list":{"0":"post-3689774","1":"product","2":"type-product","3":"status-publish","4":"has-post-thumbnail","6":"product_brand-ecms-marine-hr","7":"product_cat-brodski-mjerni-instrumenti-ecms-a","8":"product_cat-instrumenti-brojaca-okretaja","10":"first","11":"instock","12":"shipping-taxable","13":"purchasable","14":"product-type-simple"},"_links":{"self":[{"href":"https:\/\/stoic-curie.212-227-153-4.plesk.page\/hr\/wp-json\/wp\/v2\/product\/3689774","targetHints":{"allow":["GET"]}}],"collection":[{"href":"https:\/\/stoic-curie.212-227-153-4.plesk.page\/hr\/wp-json\/wp\/v2\/product"}],"about":[{"href":"https:\/\/stoic-curie.212-227-153-4.plesk.page\/hr\/wp-json\/wp\/v2\/types\/product"}],"replies":[{"embeddable":true,"href":"https:\/\/stoic-curie.212-227-153-4.plesk.page\/hr\/wp-json\/wp\/v2\/comments?post=3689774"}],"version-history":[{"count":0,"href":"https:\/\/stoic-curie.212-227-153-4.plesk.page\/hr\/wp-json\/wp\/v2\/product\/3689774\/revisions"}],"wp:featuredmedia":[{"embeddable":true,"href":"https:\/\/stoic-curie.212-227-153-4.plesk.page\/hr\/wp-json\/wp\/v2\/media\/5942294"}],"wp:attachment":[{"href":"https:\/\/stoic-curie.212-227-153-4.plesk.page\/hr\/wp-json\/wp\/v2\/media?parent=3689774"}],"wp:term":[{"taxonomy":"product_brand","embeddable":true,"href":"https:\/\/stoic-curie.212-227-153-4.plesk.page\/hr\/wp-json\/wp\/v2\/product_brand?post=3689774"},{"taxonomy":"product_cat","embeddable":true,"href":"https:\/\/stoic-curie.212-227-153-4.plesk.page\/hr\/wp-json\/wp\/v2\/product_cat?post=3689774"},{"taxonomy":"product_tag","embeddable":true,"href":"https:\/\/stoic-curie.212-227-153-4.plesk.page\/hr\/wp-json\/wp\/v2\/product_tag?post=3689774"}],"curies":[{"name":"wp","href":"https:\/\/api.w.org\/{rel}","templated":true}]}}