{"id":3689775,"date":"2025-10-13T13:39:52","date_gmt":"2025-10-13T17:39:52","guid":{"rendered":"https:\/\/stoic-curie.212-227-153-4.plesk.page\/product\/brojac-sati-ecms-crni-chrome-12-24v-52mm\/"},"modified":"2026-02-25T00:00:56","modified_gmt":"2026-02-25T00:00:56","slug":"brojac-sati-ecms-crni-chrome-12-24v-52mm","status":"publish","type":"product","link":"https:\/\/stoic-curie.212-227-153-4.plesk.page\/hr\/product\/brojac-sati-ecms-crni-chrome-12-24v-52mm\/","title":{"rendered":"Broja\u010d sati ECMS Crni Chrome 12\/24V 52mm"},"content":{"rendered":"<p>Broja\u010d sati ECMS Crni Chrome 12\/24V 52mm &#8211; <\/p>\n<p>Ecms Black Chrome 12\/24V mjera\u010di, kompletni s povezanim Molex priklju\u010dkom. Polirani okvir od nehr\u0111aju\u0107eg \u010delika i crni broj\u010danik. Vodootporna IP67 za\u0161ti\u0107ena izbo\u010dena le\u0107a otporna na maglu. Prilagodljivi mnogobojni LED osvijetljeni broj\u010danik. Razine mjera\u010da mogu se postaviti na bilo koju vrijednost impedancije pomo\u0107u stra\u017enjeg konfiguracijskog gumba. Tvornicki su postavljeni na standardnu vrijednost 0-190 Ohm. Mjera\u010di tlaka ulja od 5 i 10 bara kompatibilni su sa standardnim senzorima (10-180 Ohm), dok je 30 bara mjera\u010d kompatibilan samo s elektroni\u010dkim senzorima (0,5-4,5V). Ampermetri su opremljeni senzorom (shunt) za mjerenje struje.<\/p>\n","protected":false},"excerpt":{"rendered":"<p>Broja\u010d sati ECMS Crni Chrome 12\/24V 52mm &#8211; Ecms Black Chrome 12\/24V mjera\u010di, kompletni s povezanim Molex priklju\u010dkom. Polirani okvir<\/p>\n","protected":false},"featured_media":5942305,"comment_status":"closed","ping_status":"closed","template":"","meta":[],"product_brand":[2911],"product_cat":[1811,1788],"product_tag":[],"class_list":{"0":"post-3689775","1":"product","2":"type-product","3":"status-publish","4":"has-post-thumbnail","6":"product_brand-ecms-marine-hr","7":"product_cat-brodski-mjerni-instrumenti-ecms-a","8":"product_cat-instrumenti-brojaca-okretaja","10":"first","11":"instock","12":"shipping-taxable","13":"purchasable","14":"product-type-simple"},"_links":{"self":[{"href":"https:\/\/stoic-curie.212-227-153-4.plesk.page\/hr\/wp-json\/wp\/v2\/product\/3689775","targetHints":{"allow":["GET"]}}],"collection":[{"href":"https:\/\/stoic-curie.212-227-153-4.plesk.page\/hr\/wp-json\/wp\/v2\/product"}],"about":[{"href":"https:\/\/stoic-curie.212-227-153-4.plesk.page\/hr\/wp-json\/wp\/v2\/types\/product"}],"replies":[{"embeddable":true,"href":"https:\/\/stoic-curie.212-227-153-4.plesk.page\/hr\/wp-json\/wp\/v2\/comments?post=3689775"}],"version-history":[{"count":0,"href":"https:\/\/stoic-curie.212-227-153-4.plesk.page\/hr\/wp-json\/wp\/v2\/product\/3689775\/revisions"}],"wp:featuredmedia":[{"embeddable":true,"href":"https:\/\/stoic-curie.212-227-153-4.plesk.page\/hr\/wp-json\/wp\/v2\/media\/5942305"}],"wp:attachment":[{"href":"https:\/\/stoic-curie.212-227-153-4.plesk.page\/hr\/wp-json\/wp\/v2\/media?parent=3689775"}],"wp:term":[{"taxonomy":"product_brand","embeddable":true,"href":"https:\/\/stoic-curie.212-227-153-4.plesk.page\/hr\/wp-json\/wp\/v2\/product_brand?post=3689775"},{"taxonomy":"product_cat","embeddable":true,"href":"https:\/\/stoic-curie.212-227-153-4.plesk.page\/hr\/wp-json\/wp\/v2\/product_cat?post=3689775"},{"taxonomy":"product_tag","embeddable":true,"href":"https:\/\/stoic-curie.212-227-153-4.plesk.page\/hr\/wp-json\/wp\/v2\/product_tag?post=3689775"}],"curies":[{"name":"wp","href":"https:\/\/api.w.org\/{rel}","templated":true}]}}