{"id":3689779,"date":"2025-10-13T13:39:53","date_gmt":"2025-10-13T17:39:53","guid":{"rendered":"https:\/\/stoic-curie.212-227-153-4.plesk.page\/product\/icey-tek-sinteticke-cigle-leda-310-x-280-x-30-mm-2-kg\/"},"modified":"2026-02-25T00:00:56","modified_gmt":"2026-02-25T00:00:56","slug":"icey-tek-sinteticke-cigle-leda-310-x-280-x-30-mm-2-kg","status":"publish","type":"product","link":"https:\/\/stoic-curie.212-227-153-4.plesk.page\/hr\/product\/icey-tek-sinteticke-cigle-leda-310-x-280-x-30-mm-2-kg\/","title":{"rendered":"Icey-Tek sinteticke cigle leda 310 x 280 x 30 mm 2 kg"},"content":{"rendered":"<p>Icey-Tek sinteticke cigle leda 310 x 280 x 30 mm 2 kg &#8211; <\/p>\n<p>Icey-Tek sinteti\u010dke kocke leda sa posebnim netoksi\u010dnim gelom i otpornom posudom od polietilena za hranu. Idealno za svakodnevni ulov ribe ili o\u010duvanje hrane.<\/p>\n","protected":false},"excerpt":{"rendered":"<p>Icey-Tek sinteticke cigle leda 310 x 280 x 30 mm 2 kg &#8211; Icey-Tek sinteti\u010dke kocke leda sa posebnim netoksi\u010dnim<\/p>\n","protected":false},"featured_media":5943041,"comment_status":"closed","ping_status":"closed","template":"","meta":[],"product_brand":[3006],"product_cat":[1646,1843],"product_tag":[],"class_list":{"0":"post-3689779","1":"product","2":"type-product","3":"status-publish","4":"has-post-thumbnail","6":"product_brand-icey-tek-hr","7":"product_cat-cool-box-hladnjaci","8":"product_cat-oprema-za-ribolov-na-brodu","10":"first","11":"instock","12":"shipping-taxable","13":"purchasable","14":"product-type-simple"},"_links":{"self":[{"href":"https:\/\/stoic-curie.212-227-153-4.plesk.page\/hr\/wp-json\/wp\/v2\/product\/3689779","targetHints":{"allow":["GET"]}}],"collection":[{"href":"https:\/\/stoic-curie.212-227-153-4.plesk.page\/hr\/wp-json\/wp\/v2\/product"}],"about":[{"href":"https:\/\/stoic-curie.212-227-153-4.plesk.page\/hr\/wp-json\/wp\/v2\/types\/product"}],"replies":[{"embeddable":true,"href":"https:\/\/stoic-curie.212-227-153-4.plesk.page\/hr\/wp-json\/wp\/v2\/comments?post=3689779"}],"version-history":[{"count":0,"href":"https:\/\/stoic-curie.212-227-153-4.plesk.page\/hr\/wp-json\/wp\/v2\/product\/3689779\/revisions"}],"wp:featuredmedia":[{"embeddable":true,"href":"https:\/\/stoic-curie.212-227-153-4.plesk.page\/hr\/wp-json\/wp\/v2\/media\/5943041"}],"wp:attachment":[{"href":"https:\/\/stoic-curie.212-227-153-4.plesk.page\/hr\/wp-json\/wp\/v2\/media?parent=3689779"}],"wp:term":[{"taxonomy":"product_brand","embeddable":true,"href":"https:\/\/stoic-curie.212-227-153-4.plesk.page\/hr\/wp-json\/wp\/v2\/product_brand?post=3689779"},{"taxonomy":"product_cat","embeddable":true,"href":"https:\/\/stoic-curie.212-227-153-4.plesk.page\/hr\/wp-json\/wp\/v2\/product_cat?post=3689779"},{"taxonomy":"product_tag","embeddable":true,"href":"https:\/\/stoic-curie.212-227-153-4.plesk.page\/hr\/wp-json\/wp\/v2\/product_tag?post=3689779"}],"curies":[{"name":"wp","href":"https:\/\/api.w.org\/{rel}","templated":true}]}}