{"id":3689782,"date":"2025-10-13T13:39:54","date_gmt":"2025-10-13T17:39:54","guid":{"rendered":"https:\/\/stoic-curie.212-227-153-4.plesk.page\/product\/prolaz-kroz-trup-za-crijevo-25-mm-crni-s-poklopcem-od-nehrdajuceg-celika\/"},"modified":"2026-02-25T00:00:56","modified_gmt":"2026-02-25T00:00:56","slug":"prolaz-kroz-trup-za-crijevo-25-mm-crni-s-poklopcem-od-nehrdajuceg-celika","status":"publish","type":"product","link":"https:\/\/stoic-curie.212-227-153-4.plesk.page\/hr\/product\/prolaz-kroz-trup-za-crijevo-25-mm-crni-s-poklopcem-od-nehrdajuceg-celika\/","title":{"rendered":"Prolaz kroz trup za crijevo 25 mm, crni s poklopcem od nehr\u0111aju\u0107eg \u010delika"},"content":{"rendered":"<p>Prolaz kroz trup za crijevo 25 mm, crni s poklopcem od nehr\u0111aju\u0107eg \u010delika &#8211; <\/p>\n<p>Plasti\u010dni spojni element za cijev s nehr\u0111aju\u0107om \u010deli\u010dnom kapicom kroz trupu.<\/p>\n","protected":false},"excerpt":{"rendered":"<p>Prolaz kroz trup za crijevo 25 mm, crni s poklopcem od nehr\u0111aju\u0107eg \u010delika &#8211; Plasti\u010dni spojni element za cijev s<\/p>\n","protected":false},"featured_media":5942096,"comment_status":"closed","ping_status":"closed","template":"","meta":[],"product_brand":[2861],"product_cat":[1666,1661],"product_tag":[],"class_list":{"0":"post-3689782","1":"product","2":"type-product","3":"status-publish","4":"has-post-thumbnail","6":"product_brand-ceredi-hr","7":"product_cat-brodski-prolazi-kroz-trup","8":"product_cat-elementi-brodskog-vovovoda-plastika","10":"first","11":"instock","12":"shipping-taxable","13":"purchasable","14":"product-type-simple"},"_links":{"self":[{"href":"https:\/\/stoic-curie.212-227-153-4.plesk.page\/hr\/wp-json\/wp\/v2\/product\/3689782","targetHints":{"allow":["GET"]}}],"collection":[{"href":"https:\/\/stoic-curie.212-227-153-4.plesk.page\/hr\/wp-json\/wp\/v2\/product"}],"about":[{"href":"https:\/\/stoic-curie.212-227-153-4.plesk.page\/hr\/wp-json\/wp\/v2\/types\/product"}],"replies":[{"embeddable":true,"href":"https:\/\/stoic-curie.212-227-153-4.plesk.page\/hr\/wp-json\/wp\/v2\/comments?post=3689782"}],"version-history":[{"count":0,"href":"https:\/\/stoic-curie.212-227-153-4.plesk.page\/hr\/wp-json\/wp\/v2\/product\/3689782\/revisions"}],"wp:featuredmedia":[{"embeddable":true,"href":"https:\/\/stoic-curie.212-227-153-4.plesk.page\/hr\/wp-json\/wp\/v2\/media\/5942096"}],"wp:attachment":[{"href":"https:\/\/stoic-curie.212-227-153-4.plesk.page\/hr\/wp-json\/wp\/v2\/media?parent=3689782"}],"wp:term":[{"taxonomy":"product_brand","embeddable":true,"href":"https:\/\/stoic-curie.212-227-153-4.plesk.page\/hr\/wp-json\/wp\/v2\/product_brand?post=3689782"},{"taxonomy":"product_cat","embeddable":true,"href":"https:\/\/stoic-curie.212-227-153-4.plesk.page\/hr\/wp-json\/wp\/v2\/product_cat?post=3689782"},{"taxonomy":"product_tag","embeddable":true,"href":"https:\/\/stoic-curie.212-227-153-4.plesk.page\/hr\/wp-json\/wp\/v2\/product_tag?post=3689782"}],"curies":[{"name":"wp","href":"https:\/\/api.w.org\/{rel}","templated":true}]}}