{"id":3689783,"date":"2025-10-13T13:39:54","date_gmt":"2025-10-13T17:39:54","guid":{"rendered":"https:\/\/stoic-curie.212-227-153-4.plesk.page\/product\/nehrdajuci-poklopac-za-radial-40\/"},"modified":"2026-02-25T00:00:56","modified_gmt":"2026-02-25T00:00:56","slug":"nehrdajuci-poklopac-za-radial-40","status":"publish","type":"product","link":"https:\/\/stoic-curie.212-227-153-4.plesk.page\/hr\/product\/nehrdajuci-poklopac-za-radial-40\/","title":{"rendered":"Nehr\u0111aju\u0107i poklopac za Radial 40"},"content":{"rendered":"<p>Nehr\u0111aju\u0107i poklopac za Radial 40 &#8211; AISI 316 nehr\u0111aju\u0107i \u010delik za radialni fender profil Tessimare. Dimenzije: visina 40 mm.<\/p>\n","protected":false},"excerpt":{"rendered":"<p>Nehr\u0111aju\u0107i poklopac za Radial 40 &#8211; AISI 316 nehr\u0111aju\u0107i \u010delik za radialni fender profil Tessimare. Dimenzije: visina 40 mm.<\/p>\n","protected":false},"featured_media":5943047,"comment_status":"closed","ping_status":"closed","template":"","meta":[],"product_brand":[3481],"product_cat":[1852],"product_tag":[],"class_list":{"0":"post-3689783","1":"product","2":"type-product","3":"status-publish","4":"has-post-thumbnail","6":"product_brand-tessilmare-hr","7":"product_cat-profili-za-bokobrane","9":"first","10":"instock","11":"shipping-taxable","12":"purchasable","13":"product-type-simple"},"_links":{"self":[{"href":"https:\/\/stoic-curie.212-227-153-4.plesk.page\/hr\/wp-json\/wp\/v2\/product\/3689783","targetHints":{"allow":["GET"]}}],"collection":[{"href":"https:\/\/stoic-curie.212-227-153-4.plesk.page\/hr\/wp-json\/wp\/v2\/product"}],"about":[{"href":"https:\/\/stoic-curie.212-227-153-4.plesk.page\/hr\/wp-json\/wp\/v2\/types\/product"}],"replies":[{"embeddable":true,"href":"https:\/\/stoic-curie.212-227-153-4.plesk.page\/hr\/wp-json\/wp\/v2\/comments?post=3689783"}],"version-history":[{"count":0,"href":"https:\/\/stoic-curie.212-227-153-4.plesk.page\/hr\/wp-json\/wp\/v2\/product\/3689783\/revisions"}],"wp:featuredmedia":[{"embeddable":true,"href":"https:\/\/stoic-curie.212-227-153-4.plesk.page\/hr\/wp-json\/wp\/v2\/media\/5943047"}],"wp:attachment":[{"href":"https:\/\/stoic-curie.212-227-153-4.plesk.page\/hr\/wp-json\/wp\/v2\/media?parent=3689783"}],"wp:term":[{"taxonomy":"product_brand","embeddable":true,"href":"https:\/\/stoic-curie.212-227-153-4.plesk.page\/hr\/wp-json\/wp\/v2\/product_brand?post=3689783"},{"taxonomy":"product_cat","embeddable":true,"href":"https:\/\/stoic-curie.212-227-153-4.plesk.page\/hr\/wp-json\/wp\/v2\/product_cat?post=3689783"},{"taxonomy":"product_tag","embeddable":true,"href":"https:\/\/stoic-curie.212-227-153-4.plesk.page\/hr\/wp-json\/wp\/v2\/product_tag?post=3689783"}],"curies":[{"name":"wp","href":"https:\/\/api.w.org\/{rel}","templated":true}]}}