{"id":3689790,"date":"2025-10-13T13:39:56","date_gmt":"2025-10-13T17:39:56","guid":{"rendered":"https:\/\/stoic-curie.212-227-153-4.plesk.page\/product\/bruce-sidro-3-vrha-pocincani-celik-2kg\/"},"modified":"2026-02-25T00:00:56","modified_gmt":"2026-02-25T00:00:56","slug":"bruce-sidro-3-vrha-pocincani-celik-2kg","status":"publish","type":"product","link":"https:\/\/stoic-curie.212-227-153-4.plesk.page\/hr\/product\/bruce-sidro-3-vrha-pocincani-celik-2kg\/","title":{"rendered":"Bruce sidro, 3 vrha, pocin\u010dani \u010delik, 2kg"},"content":{"rendered":"<p>Bruce sidro, 3 vrha, pocin\u010dani \u010delik, 2kg &#8211; <\/p>\n<p>Galvanizirani \u010deli\u010dni sidro tipa Bruce s 3 krila. Za: pijesak &#8211; blato.<\/p>\n","protected":false},"excerpt":{"rendered":"<p>Bruce sidro, 3 vrha, pocin\u010dani \u010delik, 2kg &#8211; Galvanizirani \u010deli\u010dni sidro tipa Bruce s 3 krila. Za: pijesak &#8211; blato.<\/p>\n","protected":false},"featured_media":5943052,"comment_status":"closed","ping_status":"closed","template":"","meta":[],"product_brand":[3086],"product_cat":[1863],"product_tag":[],"class_list":{"0":"post-3689790","1":"product","2":"type-product","3":"status-publish","4":"has-post-thumbnail","6":"product_brand-maggigroup-hr","7":"product_cat-sidra-bruce","9":"first","10":"instock","11":"shipping-taxable","12":"purchasable","13":"product-type-simple"},"_links":{"self":[{"href":"https:\/\/stoic-curie.212-227-153-4.plesk.page\/hr\/wp-json\/wp\/v2\/product\/3689790","targetHints":{"allow":["GET"]}}],"collection":[{"href":"https:\/\/stoic-curie.212-227-153-4.plesk.page\/hr\/wp-json\/wp\/v2\/product"}],"about":[{"href":"https:\/\/stoic-curie.212-227-153-4.plesk.page\/hr\/wp-json\/wp\/v2\/types\/product"}],"replies":[{"embeddable":true,"href":"https:\/\/stoic-curie.212-227-153-4.plesk.page\/hr\/wp-json\/wp\/v2\/comments?post=3689790"}],"version-history":[{"count":0,"href":"https:\/\/stoic-curie.212-227-153-4.plesk.page\/hr\/wp-json\/wp\/v2\/product\/3689790\/revisions"}],"wp:featuredmedia":[{"embeddable":true,"href":"https:\/\/stoic-curie.212-227-153-4.plesk.page\/hr\/wp-json\/wp\/v2\/media\/5943052"}],"wp:attachment":[{"href":"https:\/\/stoic-curie.212-227-153-4.plesk.page\/hr\/wp-json\/wp\/v2\/media?parent=3689790"}],"wp:term":[{"taxonomy":"product_brand","embeddable":true,"href":"https:\/\/stoic-curie.212-227-153-4.plesk.page\/hr\/wp-json\/wp\/v2\/product_brand?post=3689790"},{"taxonomy":"product_cat","embeddable":true,"href":"https:\/\/stoic-curie.212-227-153-4.plesk.page\/hr\/wp-json\/wp\/v2\/product_cat?post=3689790"},{"taxonomy":"product_tag","embeddable":true,"href":"https:\/\/stoic-curie.212-227-153-4.plesk.page\/hr\/wp-json\/wp\/v2\/product_tag?post=3689790"}],"curies":[{"name":"wp","href":"https:\/\/api.w.org\/{rel}","templated":true}]}}