{"id":3689794,"date":"2025-10-13T13:39:58","date_gmt":"2025-10-13T17:39:58","guid":{"rendered":"https:\/\/stoic-curie.212-227-153-4.plesk.page\/product\/ravni-d-skopac-od-nehrdajuceg-celika-10mm\/"},"modified":"2026-02-25T00:00:56","modified_gmt":"2026-02-25T00:00:56","slug":"ravni-d-skopac-od-nehrdajuceg-celika-10mm","status":"publish","type":"product","link":"https:\/\/stoic-curie.212-227-153-4.plesk.page\/hr\/product\/ravni-d-skopac-od-nehrdajuceg-celika-10mm\/","title":{"rendered":"Ravni (D) \u0161kopac od nehr\u0111aju\u0107eg \u010delika 10mm"},"content":{"rendered":"<p>Ravni (D) \u0161kopac od nehr\u0111aju\u0107eg \u010delika 10mm &#8211; <\/p>\n<p>Samo za testne svrhe paginacije. Samo za testne svrhe paginacije. Samo za testne svrhe paginacije. Samo za testne svrhe paginacije. Samo za testne svrhe paginacije. Samo za testne svrhe paginacije. Samo za testne svrhe paginacije.<\/p>\n","protected":false},"excerpt":{"rendered":"<p>Ravni (D) \u0161kopac od nehr\u0111aju\u0107eg \u010delika 10mm &#8211; Samo za testne svrhe paginacije. Samo za testne svrhe paginacije. Samo za<\/p>\n","protected":false},"featured_media":5937703,"comment_status":"closed","ping_status":"closed","template":"","meta":[],"product_brand":[3121],"product_cat":[1693],"product_tag":[],"class_list":{"0":"post-3689794","1":"product","2":"type-product","3":"status-publish","4":"has-post-thumbnail","6":"product_brand-marinetech-hr","7":"product_cat-okovi-od-nehrdajuceg-celika","9":"first","10":"instock","11":"shipping-taxable","12":"purchasable","13":"product-type-simple"},"_links":{"self":[{"href":"https:\/\/stoic-curie.212-227-153-4.plesk.page\/hr\/wp-json\/wp\/v2\/product\/3689794","targetHints":{"allow":["GET"]}}],"collection":[{"href":"https:\/\/stoic-curie.212-227-153-4.plesk.page\/hr\/wp-json\/wp\/v2\/product"}],"about":[{"href":"https:\/\/stoic-curie.212-227-153-4.plesk.page\/hr\/wp-json\/wp\/v2\/types\/product"}],"replies":[{"embeddable":true,"href":"https:\/\/stoic-curie.212-227-153-4.plesk.page\/hr\/wp-json\/wp\/v2\/comments?post=3689794"}],"version-history":[{"count":0,"href":"https:\/\/stoic-curie.212-227-153-4.plesk.page\/hr\/wp-json\/wp\/v2\/product\/3689794\/revisions"}],"wp:featuredmedia":[{"embeddable":true,"href":"https:\/\/stoic-curie.212-227-153-4.plesk.page\/hr\/wp-json\/wp\/v2\/media\/5937703"}],"wp:attachment":[{"href":"https:\/\/stoic-curie.212-227-153-4.plesk.page\/hr\/wp-json\/wp\/v2\/media?parent=3689794"}],"wp:term":[{"taxonomy":"product_brand","embeddable":true,"href":"https:\/\/stoic-curie.212-227-153-4.plesk.page\/hr\/wp-json\/wp\/v2\/product_brand?post=3689794"},{"taxonomy":"product_cat","embeddable":true,"href":"https:\/\/stoic-curie.212-227-153-4.plesk.page\/hr\/wp-json\/wp\/v2\/product_cat?post=3689794"},{"taxonomy":"product_tag","embeddable":true,"href":"https:\/\/stoic-curie.212-227-153-4.plesk.page\/hr\/wp-json\/wp\/v2\/product_tag?post=3689794"}],"curies":[{"name":"wp","href":"https:\/\/api.w.org\/{rel}","templated":true}]}}