{"id":3689829,"date":"2025-10-13T13:40:07","date_gmt":"2025-10-13T17:40:07","guid":{"rendered":"https:\/\/stoic-curie.212-227-153-4.plesk.page\/product\/kong-siroki-karabiner-6mm-veliki-otvor-s-okom\/"},"modified":"2026-02-25T00:00:57","modified_gmt":"2026-02-25T00:00:57","slug":"kong-siroki-karabiner-6mm-veliki-otvor-s-okom","status":"publish","type":"product","link":"https:\/\/stoic-curie.212-227-153-4.plesk.page\/hr\/product\/kong-siroki-karabiner-6mm-veliki-otvor-s-okom\/","title":{"rendered":"Kong \u0160iroki Karabiner 6mm veliki otvor s okom"},"content":{"rendered":"<p>Kong \u0160iroki Karabiner 6mm veliki otvor s okom &#8211; <\/p>\n<p>316 od nehr\u0111aju\u0107eg \u010delika karabinerska kuka s \u0161irokim otvorom i okom. Antigrip sustav pri\u010dvr\u0161\u0107ivanja. Sprje\u010dava zapletanje u\u017eadi.<\/p>\n","protected":false},"excerpt":{"rendered":"<p>Kong \u0160iroki Karabiner 6mm veliki otvor s okom &#8211; 316 od nehr\u0111aju\u0107eg \u010delika karabinerska kuka s \u0161irokim otvorom i okom.<\/p>\n","protected":false},"featured_media":5943076,"comment_status":"closed","ping_status":"closed","template":"","meta":[],"product_brand":[3051],"product_cat":[1705],"product_tag":[],"class_list":{"0":"post-3689829","1":"product","2":"type-product","3":"status-publish","4":"has-post-thumbnail","6":"product_brand-kong-hr","7":"product_cat-karabineri-za-camce","9":"first","10":"instock","11":"shipping-taxable","12":"purchasable","13":"product-type-simple"},"_links":{"self":[{"href":"https:\/\/stoic-curie.212-227-153-4.plesk.page\/hr\/wp-json\/wp\/v2\/product\/3689829","targetHints":{"allow":["GET"]}}],"collection":[{"href":"https:\/\/stoic-curie.212-227-153-4.plesk.page\/hr\/wp-json\/wp\/v2\/product"}],"about":[{"href":"https:\/\/stoic-curie.212-227-153-4.plesk.page\/hr\/wp-json\/wp\/v2\/types\/product"}],"replies":[{"embeddable":true,"href":"https:\/\/stoic-curie.212-227-153-4.plesk.page\/hr\/wp-json\/wp\/v2\/comments?post=3689829"}],"version-history":[{"count":0,"href":"https:\/\/stoic-curie.212-227-153-4.plesk.page\/hr\/wp-json\/wp\/v2\/product\/3689829\/revisions"}],"wp:featuredmedia":[{"embeddable":true,"href":"https:\/\/stoic-curie.212-227-153-4.plesk.page\/hr\/wp-json\/wp\/v2\/media\/5943076"}],"wp:attachment":[{"href":"https:\/\/stoic-curie.212-227-153-4.plesk.page\/hr\/wp-json\/wp\/v2\/media?parent=3689829"}],"wp:term":[{"taxonomy":"product_brand","embeddable":true,"href":"https:\/\/stoic-curie.212-227-153-4.plesk.page\/hr\/wp-json\/wp\/v2\/product_brand?post=3689829"},{"taxonomy":"product_cat","embeddable":true,"href":"https:\/\/stoic-curie.212-227-153-4.plesk.page\/hr\/wp-json\/wp\/v2\/product_cat?post=3689829"},{"taxonomy":"product_tag","embeddable":true,"href":"https:\/\/stoic-curie.212-227-153-4.plesk.page\/hr\/wp-json\/wp\/v2\/product_tag?post=3689829"}],"curies":[{"name":"wp","href":"https:\/\/api.w.org\/{rel}","templated":true}]}}