{"id":3689833,"date":"2025-10-13T13:40:08","date_gmt":"2025-10-13T17:40:08","guid":{"rendered":"https:\/\/stoic-curie.212-227-153-4.plesk.page\/product\/skopac-kuka-za-spinaker-99mm\/"},"modified":"2026-02-25T00:00:57","modified_gmt":"2026-02-25T00:00:57","slug":"skopac-kuka-za-spinaker-99mm","status":"publish","type":"product","link":"https:\/\/stoic-curie.212-227-153-4.plesk.page\/hr\/product\/skopac-kuka-za-spinaker-99mm\/","title":{"rendered":"\u0160kopac kuka za spinaker 99mm"},"content":{"rendered":"<p>\u0160kopac kuka za spinaker 99mm &#8211; <\/p>\n<p>Brzootpu\u0161teni \u010deli\u010dni ulo\u017eak od nehr\u0111aju\u0107eg \u010delika 316. Koristi se za ditke ili u\u017ee za genovu ili spinnaker. U\u017ee\/halyard mo\u017ee se spojiti ili zavezati.<\/p>\n","protected":false},"excerpt":{"rendered":"<p>\u0160kopac kuka za spinaker 99mm &#8211; Brzootpu\u0161teni \u010deli\u010dni ulo\u017eak od nehr\u0111aju\u0107eg \u010delika 316. Koristi se za ditke ili u\u017ee za<\/p>\n","protected":false},"featured_media":5943080,"comment_status":"closed","ping_status":"closed","template":"","meta":[],"product_brand":[3121],"product_cat":[1705,1764],"product_tag":[],"class_list":{"0":"post-3689833","1":"product","2":"type-product","3":"status-publish","4":"has-post-thumbnail","6":"product_brand-marinetech-hr","7":"product_cat-karabineri-za-camce","8":"product_cat-snap-skopci-za-jedrilice","10":"first","11":"instock","12":"shipping-taxable","13":"purchasable","14":"product-type-simple"},"_links":{"self":[{"href":"https:\/\/stoic-curie.212-227-153-4.plesk.page\/hr\/wp-json\/wp\/v2\/product\/3689833","targetHints":{"allow":["GET"]}}],"collection":[{"href":"https:\/\/stoic-curie.212-227-153-4.plesk.page\/hr\/wp-json\/wp\/v2\/product"}],"about":[{"href":"https:\/\/stoic-curie.212-227-153-4.plesk.page\/hr\/wp-json\/wp\/v2\/types\/product"}],"replies":[{"embeddable":true,"href":"https:\/\/stoic-curie.212-227-153-4.plesk.page\/hr\/wp-json\/wp\/v2\/comments?post=3689833"}],"version-history":[{"count":0,"href":"https:\/\/stoic-curie.212-227-153-4.plesk.page\/hr\/wp-json\/wp\/v2\/product\/3689833\/revisions"}],"wp:featuredmedia":[{"embeddable":true,"href":"https:\/\/stoic-curie.212-227-153-4.plesk.page\/hr\/wp-json\/wp\/v2\/media\/5943080"}],"wp:attachment":[{"href":"https:\/\/stoic-curie.212-227-153-4.plesk.page\/hr\/wp-json\/wp\/v2\/media?parent=3689833"}],"wp:term":[{"taxonomy":"product_brand","embeddable":true,"href":"https:\/\/stoic-curie.212-227-153-4.plesk.page\/hr\/wp-json\/wp\/v2\/product_brand?post=3689833"},{"taxonomy":"product_cat","embeddable":true,"href":"https:\/\/stoic-curie.212-227-153-4.plesk.page\/hr\/wp-json\/wp\/v2\/product_cat?post=3689833"},{"taxonomy":"product_tag","embeddable":true,"href":"https:\/\/stoic-curie.212-227-153-4.plesk.page\/hr\/wp-json\/wp\/v2\/product_tag?post=3689833"}],"curies":[{"name":"wp","href":"https:\/\/api.w.org\/{rel}","templated":true}]}}