{"id":3689834,"date":"2025-10-13T13:40:09","date_gmt":"2025-10-13T17:40:09","guid":{"rendered":"https:\/\/stoic-curie.212-227-153-4.plesk.page\/product\/snap-kuka-za-spinaker-okretna-sa-skopcem-i-okom-sa-clevis-zatvaracem-138mm\/"},"modified":"2026-02-25T00:00:57","modified_gmt":"2026-02-25T00:00:57","slug":"snap-kuka-za-spinaker-okretna-sa-skopcem-i-okom-sa-clevis-zatvaracem-138mm","status":"publish","type":"product","link":"https:\/\/stoic-curie.212-227-153-4.plesk.page\/hr\/product\/snap-kuka-za-spinaker-okretna-sa-skopcem-i-okom-sa-clevis-zatvaracem-138mm\/","title":{"rendered":"Snap kuka za spinaker, okretna sa \u0161kopcem i okom sa Clevis zatvaracem 138mm"},"content":{"rendered":"<p>Snap kuka za spinaker, okretna sa \u0161kopcem i okom sa Clevis zatvaracem 138mm &#8211; <\/p>\n<p>Brzo otpu\u0161tanje okretne kop\u010de od nehr\u0111aju\u0107eg \u010delika 316 sa clevis pinom. Koristi se za \u0161otove i halyard-e spinnakera ili fokanja. U slu\u010daju spojenih halyard-a, pin kop\u010de mo\u017ee se lako zamijeniti ako je istro\u0161en.<\/p>\n","protected":false},"excerpt":{"rendered":"<p>Snap kuka za spinaker, okretna sa \u0161kopcem i okom sa Clevis zatvaracem 138mm &#8211; Brzo otpu\u0161tanje okretne kop\u010de od nehr\u0111aju\u0107eg<\/p>\n","protected":false},"featured_media":5937891,"comment_status":"closed","ping_status":"closed","template":"","meta":[],"product_brand":[3121],"product_cat":[1705,1764],"product_tag":[],"class_list":{"0":"post-3689834","1":"product","2":"type-product","3":"status-publish","4":"has-post-thumbnail","6":"product_brand-marinetech-hr","7":"product_cat-karabineri-za-camce","8":"product_cat-snap-skopci-za-jedrilice","10":"first","11":"instock","12":"shipping-taxable","13":"purchasable","14":"product-type-simple"},"_links":{"self":[{"href":"https:\/\/stoic-curie.212-227-153-4.plesk.page\/hr\/wp-json\/wp\/v2\/product\/3689834","targetHints":{"allow":["GET"]}}],"collection":[{"href":"https:\/\/stoic-curie.212-227-153-4.plesk.page\/hr\/wp-json\/wp\/v2\/product"}],"about":[{"href":"https:\/\/stoic-curie.212-227-153-4.plesk.page\/hr\/wp-json\/wp\/v2\/types\/product"}],"replies":[{"embeddable":true,"href":"https:\/\/stoic-curie.212-227-153-4.plesk.page\/hr\/wp-json\/wp\/v2\/comments?post=3689834"}],"version-history":[{"count":0,"href":"https:\/\/stoic-curie.212-227-153-4.plesk.page\/hr\/wp-json\/wp\/v2\/product\/3689834\/revisions"}],"wp:featuredmedia":[{"embeddable":true,"href":"https:\/\/stoic-curie.212-227-153-4.plesk.page\/hr\/wp-json\/wp\/v2\/media\/5937891"}],"wp:attachment":[{"href":"https:\/\/stoic-curie.212-227-153-4.plesk.page\/hr\/wp-json\/wp\/v2\/media?parent=3689834"}],"wp:term":[{"taxonomy":"product_brand","embeddable":true,"href":"https:\/\/stoic-curie.212-227-153-4.plesk.page\/hr\/wp-json\/wp\/v2\/product_brand?post=3689834"},{"taxonomy":"product_cat","embeddable":true,"href":"https:\/\/stoic-curie.212-227-153-4.plesk.page\/hr\/wp-json\/wp\/v2\/product_cat?post=3689834"},{"taxonomy":"product_tag","embeddable":true,"href":"https:\/\/stoic-curie.212-227-153-4.plesk.page\/hr\/wp-json\/wp\/v2\/product_tag?post=3689834"}],"curies":[{"name":"wp","href":"https:\/\/api.w.org\/{rel}","templated":true}]}}