{"id":3689846,"date":"2025-10-13T13:40:12","date_gmt":"2025-10-13T17:40:12","guid":{"rendered":"https:\/\/stoic-curie.212-227-153-4.plesk.page\/product\/podloska-s-usicom-8-mm-80x26-mm-ploca-s-2-rupe\/"},"modified":"2026-02-25T00:00:57","modified_gmt":"2026-02-25T00:00:57","slug":"podloska-s-usicom-8-mm-80x26-mm-ploca-s-2-rupe","status":"publish","type":"product","link":"https:\/\/stoic-curie.212-227-153-4.plesk.page\/hr\/product\/podloska-s-usicom-8-mm-80x26-mm-ploca-s-2-rupe\/","title":{"rendered":"Podlo\u0161ka s u\u0161icom 8 mm 80&#215;26 mm ploca s 2 rupe"},"content":{"rendered":"<p>Podlo\u0161ka s u\u0161icom 8 mm 80&#215;26 mm ploca s 2 rupe &#8211; <\/p>\n<p>O\u010dna plo\u010dica od nehr\u0111aju\u0107eg \u010delika s 2 rupe.<\/p>\n","protected":false},"excerpt":{"rendered":"<p>Podlo\u0161ka s u\u0161icom 8 mm 80&#215;26 mm ploca s 2 rupe &#8211; O\u010dna plo\u010dica od nehr\u0111aju\u0107eg \u010delika s 2 rupe.<\/p>\n","protected":false},"featured_media":5943084,"comment_status":"closed","ping_status":"closed","template":"","meta":[],"product_brand":[3121],"product_cat":[1682,1765],"product_tag":[],"class_list":{"0":"post-3689846","1":"product","2":"type-product","3":"status-publish","4":"has-post-thumbnail","6":"product_brand-marinetech-hr","7":"product_cat-palubna-oprema","8":"product_cat-pribor-i-oprema-za-brodice-i-jedrilice","10":"first","11":"instock","12":"shipping-taxable","13":"purchasable","14":"product-type-simple"},"_links":{"self":[{"href":"https:\/\/stoic-curie.212-227-153-4.plesk.page\/hr\/wp-json\/wp\/v2\/product\/3689846","targetHints":{"allow":["GET"]}}],"collection":[{"href":"https:\/\/stoic-curie.212-227-153-4.plesk.page\/hr\/wp-json\/wp\/v2\/product"}],"about":[{"href":"https:\/\/stoic-curie.212-227-153-4.plesk.page\/hr\/wp-json\/wp\/v2\/types\/product"}],"replies":[{"embeddable":true,"href":"https:\/\/stoic-curie.212-227-153-4.plesk.page\/hr\/wp-json\/wp\/v2\/comments?post=3689846"}],"version-history":[{"count":0,"href":"https:\/\/stoic-curie.212-227-153-4.plesk.page\/hr\/wp-json\/wp\/v2\/product\/3689846\/revisions"}],"wp:featuredmedia":[{"embeddable":true,"href":"https:\/\/stoic-curie.212-227-153-4.plesk.page\/hr\/wp-json\/wp\/v2\/media\/5943084"}],"wp:attachment":[{"href":"https:\/\/stoic-curie.212-227-153-4.plesk.page\/hr\/wp-json\/wp\/v2\/media?parent=3689846"}],"wp:term":[{"taxonomy":"product_brand","embeddable":true,"href":"https:\/\/stoic-curie.212-227-153-4.plesk.page\/hr\/wp-json\/wp\/v2\/product_brand?post=3689846"},{"taxonomy":"product_cat","embeddable":true,"href":"https:\/\/stoic-curie.212-227-153-4.plesk.page\/hr\/wp-json\/wp\/v2\/product_cat?post=3689846"},{"taxonomy":"product_tag","embeddable":true,"href":"https:\/\/stoic-curie.212-227-153-4.plesk.page\/hr\/wp-json\/wp\/v2\/product_tag?post=3689846"}],"curies":[{"name":"wp","href":"https:\/\/api.w.org\/{rel}","templated":true}]}}