{"id":3689863,"date":"2025-10-13T13:40:17","date_gmt":"2025-10-13T17:40:17","guid":{"rendered":"https:\/\/stoic-curie.212-227-153-4.plesk.page\/product\/stanfender-vjesalice-za-bokobrane-za-konop\/"},"modified":"2026-02-25T00:00:57","modified_gmt":"2026-02-25T00:00:57","slug":"stanfender-vjesalice-za-bokobrane-za-konop","status":"publish","type":"product","link":"https:\/\/stoic-curie.212-227-153-4.plesk.page\/hr\/product\/stanfender-vjesalice-za-bokobrane-za-konop\/","title":{"rendered":"StanFender vje\u0161alice za bokobrane za konop"},"content":{"rendered":"<p>StanFender vje\u0161alice za bokobrane za konop &#8211; <\/p>\n<p>Plasti\u010dne dr\u017ea\u010de fendera za u\u017ead i \u017eivotne linije ili monta\u017eu na tra\u010dnicu od 22\/25 mm. Prodaje se u pakiranju od 2 komada.<\/p>\n","protected":false},"excerpt":{"rendered":"<p>StanFender vje\u0161alice za bokobrane za konop &#8211; Plasti\u010dne dr\u017ea\u010de fendera za u\u017ead i \u017eivotne linije ili monta\u017eu na tra\u010dnicu od<\/p>\n","protected":false},"featured_media":5937647,"comment_status":"closed","ping_status":"closed","template":"","meta":[],"product_brand":[2876],"product_cat":[1847],"product_tag":[],"class_list":{"0":"post-3689863","1":"product","2":"type-product","3":"status-publish","4":"has-post-thumbnail","6":"product_brand-davis-hr","7":"product_cat-pribor-za-bokobrane","9":"first","10":"instock","11":"shipping-taxable","12":"purchasable","13":"product-type-simple"},"_links":{"self":[{"href":"https:\/\/stoic-curie.212-227-153-4.plesk.page\/hr\/wp-json\/wp\/v2\/product\/3689863","targetHints":{"allow":["GET"]}}],"collection":[{"href":"https:\/\/stoic-curie.212-227-153-4.plesk.page\/hr\/wp-json\/wp\/v2\/product"}],"about":[{"href":"https:\/\/stoic-curie.212-227-153-4.plesk.page\/hr\/wp-json\/wp\/v2\/types\/product"}],"replies":[{"embeddable":true,"href":"https:\/\/stoic-curie.212-227-153-4.plesk.page\/hr\/wp-json\/wp\/v2\/comments?post=3689863"}],"version-history":[{"count":0,"href":"https:\/\/stoic-curie.212-227-153-4.plesk.page\/hr\/wp-json\/wp\/v2\/product\/3689863\/revisions"}],"wp:featuredmedia":[{"embeddable":true,"href":"https:\/\/stoic-curie.212-227-153-4.plesk.page\/hr\/wp-json\/wp\/v2\/media\/5937647"}],"wp:attachment":[{"href":"https:\/\/stoic-curie.212-227-153-4.plesk.page\/hr\/wp-json\/wp\/v2\/media?parent=3689863"}],"wp:term":[{"taxonomy":"product_brand","embeddable":true,"href":"https:\/\/stoic-curie.212-227-153-4.plesk.page\/hr\/wp-json\/wp\/v2\/product_brand?post=3689863"},{"taxonomy":"product_cat","embeddable":true,"href":"https:\/\/stoic-curie.212-227-153-4.plesk.page\/hr\/wp-json\/wp\/v2\/product_cat?post=3689863"},{"taxonomy":"product_tag","embeddable":true,"href":"https:\/\/stoic-curie.212-227-153-4.plesk.page\/hr\/wp-json\/wp\/v2\/product_tag?post=3689863"}],"curies":[{"name":"wp","href":"https:\/\/api.w.org\/{rel}","templated":true}]}}