{"id":3689880,"date":"2025-10-13T13:40:21","date_gmt":"2025-10-13T17:40:21","guid":{"rendered":"https:\/\/stoic-curie.212-227-153-4.plesk.page\/product\/zasun-s-oprugom-56mm-nehrdajuceg-celika\/"},"modified":"2026-02-25T00:00:57","modified_gmt":"2026-02-25T00:00:57","slug":"zasun-s-oprugom-56mm-nehrdajuceg-celika","status":"publish","type":"product","link":"https:\/\/stoic-curie.212-227-153-4.plesk.page\/hr\/product\/zasun-s-oprugom-56mm-nehrdajuceg-celika\/","title":{"rendered":"Zasun s oprugom 56mm nehr\u0111aju\u0107eg \u010delika"},"content":{"rendered":"<p>Zasun s oprugom 56mm nehr\u0111aju\u0107eg \u010delika  &#8211; <\/p>\n<p>Opru\u017ena brava za pritisak i povla\u010denje od nehr\u0111aju\u0107eg \u010delika za ormare. <br \/>Prolazna tipka s prstenom i rupom za katancem.<\/p>\n","protected":false},"excerpt":{"rendered":"<p>Zasun s oprugom 56mm nehr\u0111aju\u0107eg \u010delika &#8211; Opru\u017ena brava za pritisak i povla\u010denje od nehr\u0111aju\u0107eg \u010delika za ormare. Prolazna tipka<\/p>\n","protected":false},"featured_media":5943125,"comment_status":"closed","ping_status":"closed","template":"","meta":[],"product_brand":[3121],"product_cat":[1695,1687],"product_tag":[],"class_list":{"0":"post-3689880","1":"product","2":"type-product","3":"status-publish","4":"has-post-thumbnail","6":"product_brand-marinetech-hr","7":"product_cat-brodski-plasticni-otvori","8":"product_cat-brodski-zasuni","10":"first","11":"instock","12":"shipping-taxable","13":"purchasable","14":"product-type-simple"},"_links":{"self":[{"href":"https:\/\/stoic-curie.212-227-153-4.plesk.page\/hr\/wp-json\/wp\/v2\/product\/3689880","targetHints":{"allow":["GET"]}}],"collection":[{"href":"https:\/\/stoic-curie.212-227-153-4.plesk.page\/hr\/wp-json\/wp\/v2\/product"}],"about":[{"href":"https:\/\/stoic-curie.212-227-153-4.plesk.page\/hr\/wp-json\/wp\/v2\/types\/product"}],"replies":[{"embeddable":true,"href":"https:\/\/stoic-curie.212-227-153-4.plesk.page\/hr\/wp-json\/wp\/v2\/comments?post=3689880"}],"version-history":[{"count":0,"href":"https:\/\/stoic-curie.212-227-153-4.plesk.page\/hr\/wp-json\/wp\/v2\/product\/3689880\/revisions"}],"wp:featuredmedia":[{"embeddable":true,"href":"https:\/\/stoic-curie.212-227-153-4.plesk.page\/hr\/wp-json\/wp\/v2\/media\/5943125"}],"wp:attachment":[{"href":"https:\/\/stoic-curie.212-227-153-4.plesk.page\/hr\/wp-json\/wp\/v2\/media?parent=3689880"}],"wp:term":[{"taxonomy":"product_brand","embeddable":true,"href":"https:\/\/stoic-curie.212-227-153-4.plesk.page\/hr\/wp-json\/wp\/v2\/product_brand?post=3689880"},{"taxonomy":"product_cat","embeddable":true,"href":"https:\/\/stoic-curie.212-227-153-4.plesk.page\/hr\/wp-json\/wp\/v2\/product_cat?post=3689880"},{"taxonomy":"product_tag","embeddable":true,"href":"https:\/\/stoic-curie.212-227-153-4.plesk.page\/hr\/wp-json\/wp\/v2\/product_tag?post=3689880"}],"curies":[{"name":"wp","href":"https:\/\/api.w.org\/{rel}","templated":true}]}}