{"id":3689884,"date":"2025-10-13T13:40:22","date_gmt":"2025-10-13T17:40:22","guid":{"rendered":"https:\/\/stoic-curie.212-227-153-4.plesk.page\/product\/bijeli-zasun-za-zakljucavanje-61mm-s-kljucem\/"},"modified":"2026-02-25T00:00:57","modified_gmt":"2026-02-25T00:00:57","slug":"bijeli-zasun-za-zakljucavanje-61mm-s-kljucem","status":"publish","type":"product","link":"https:\/\/stoic-curie.212-227-153-4.plesk.page\/hr\/product\/bijeli-zasun-za-zakljucavanje-61mm-s-kljucem\/","title":{"rendered":"Bijeli zasun za zaklju\u010davanje 61mm s klju\u010dem"},"content":{"rendered":"<p>Bijeli zasun za zaklju\u010davanje 61mm s klju\u010dem &#8211; <\/p>\n<p>Nylon tijelo za ugradnju pre\u0161a za zatvaranje za poklopce i pregrade. Uklju\u010duje udarac i vijke.<\/p>\n","protected":false},"excerpt":{"rendered":"<p>Bijeli zasun za zaklju\u010davanje 61mm s klju\u010dem &#8211; Nylon tijelo za ugradnju pre\u0161a za zatvaranje za poklopce i pregrade. Uklju\u010duje<\/p>\n","protected":false},"featured_media":5943130,"comment_status":"closed","ping_status":"closed","template":"","meta":[],"product_brand":[3136],"product_cat":[1687],"product_tag":[],"class_list":{"0":"post-3689884","1":"product","2":"type-product","3":"status-publish","4":"has-post-thumbnail","6":"product_brand-masterlock-hr","7":"product_cat-brodski-zasuni","9":"first","10":"instock","11":"shipping-taxable","12":"purchasable","13":"product-type-simple"},"_links":{"self":[{"href":"https:\/\/stoic-curie.212-227-153-4.plesk.page\/hr\/wp-json\/wp\/v2\/product\/3689884","targetHints":{"allow":["GET"]}}],"collection":[{"href":"https:\/\/stoic-curie.212-227-153-4.plesk.page\/hr\/wp-json\/wp\/v2\/product"}],"about":[{"href":"https:\/\/stoic-curie.212-227-153-4.plesk.page\/hr\/wp-json\/wp\/v2\/types\/product"}],"replies":[{"embeddable":true,"href":"https:\/\/stoic-curie.212-227-153-4.plesk.page\/hr\/wp-json\/wp\/v2\/comments?post=3689884"}],"version-history":[{"count":0,"href":"https:\/\/stoic-curie.212-227-153-4.plesk.page\/hr\/wp-json\/wp\/v2\/product\/3689884\/revisions"}],"wp:featuredmedia":[{"embeddable":true,"href":"https:\/\/stoic-curie.212-227-153-4.plesk.page\/hr\/wp-json\/wp\/v2\/media\/5943130"}],"wp:attachment":[{"href":"https:\/\/stoic-curie.212-227-153-4.plesk.page\/hr\/wp-json\/wp\/v2\/media?parent=3689884"}],"wp:term":[{"taxonomy":"product_brand","embeddable":true,"href":"https:\/\/stoic-curie.212-227-153-4.plesk.page\/hr\/wp-json\/wp\/v2\/product_brand?post=3689884"},{"taxonomy":"product_cat","embeddable":true,"href":"https:\/\/stoic-curie.212-227-153-4.plesk.page\/hr\/wp-json\/wp\/v2\/product_cat?post=3689884"},{"taxonomy":"product_tag","embeddable":true,"href":"https:\/\/stoic-curie.212-227-153-4.plesk.page\/hr\/wp-json\/wp\/v2\/product_tag?post=3689884"}],"curies":[{"name":"wp","href":"https:\/\/api.w.org\/{rel}","templated":true}]}}