{"id":3689890,"date":"2025-10-13T13:40:24","date_gmt":"2025-10-13T17:40:24","guid":{"rendered":"https:\/\/stoic-curie.212-227-153-4.plesk.page\/product\/stezaljku-za-zatvaranje-za-vertikalnu-montazu-70x35mm\/"},"modified":"2026-02-25T00:00:57","modified_gmt":"2026-02-25T00:00:57","slug":"stezaljku-za-zatvaranje-za-vertikalnu-montazu-70x35mm","status":"publish","type":"product","link":"https:\/\/stoic-curie.212-227-153-4.plesk.page\/hr\/product\/stezaljku-za-zatvaranje-za-vertikalnu-montazu-70x35mm\/","title":{"rendered":"Stezaljku za zatvaranje za vertikalnu monta\u017eu 70x35mm"},"content":{"rendered":"<p>Stezaljku za zatvaranje za vertikalnu monta\u017eu 70x35mm &#8211; <\/p>\n<p>Okov za pri\u010dvr\u0161\u0107ivanje od kroma i mesinga s vertikalnom monta\u017eom.<\/p>\n","protected":false},"excerpt":{"rendered":"<p>Stezaljku za zatvaranje za vertikalnu monta\u017eu 70x35mm &#8211; Okov za pri\u010dvr\u0161\u0107ivanje od kroma i mesinga s vertikalnom monta\u017eom.<\/p>\n","protected":false},"featured_media":5943136,"comment_status":"closed","ping_status":"closed","template":"","meta":[],"product_brand":[3121],"product_cat":[1687],"product_tag":[],"class_list":{"0":"post-3689890","1":"product","2":"type-product","3":"status-publish","4":"has-post-thumbnail","6":"product_brand-marinetech-hr","7":"product_cat-brodski-zasuni","9":"first","10":"instock","11":"shipping-taxable","12":"purchasable","13":"product-type-simple"},"_links":{"self":[{"href":"https:\/\/stoic-curie.212-227-153-4.plesk.page\/hr\/wp-json\/wp\/v2\/product\/3689890","targetHints":{"allow":["GET"]}}],"collection":[{"href":"https:\/\/stoic-curie.212-227-153-4.plesk.page\/hr\/wp-json\/wp\/v2\/product"}],"about":[{"href":"https:\/\/stoic-curie.212-227-153-4.plesk.page\/hr\/wp-json\/wp\/v2\/types\/product"}],"replies":[{"embeddable":true,"href":"https:\/\/stoic-curie.212-227-153-4.plesk.page\/hr\/wp-json\/wp\/v2\/comments?post=3689890"}],"version-history":[{"count":0,"href":"https:\/\/stoic-curie.212-227-153-4.plesk.page\/hr\/wp-json\/wp\/v2\/product\/3689890\/revisions"}],"wp:featuredmedia":[{"embeddable":true,"href":"https:\/\/stoic-curie.212-227-153-4.plesk.page\/hr\/wp-json\/wp\/v2\/media\/5943136"}],"wp:attachment":[{"href":"https:\/\/stoic-curie.212-227-153-4.plesk.page\/hr\/wp-json\/wp\/v2\/media?parent=3689890"}],"wp:term":[{"taxonomy":"product_brand","embeddable":true,"href":"https:\/\/stoic-curie.212-227-153-4.plesk.page\/hr\/wp-json\/wp\/v2\/product_brand?post=3689890"},{"taxonomy":"product_cat","embeddable":true,"href":"https:\/\/stoic-curie.212-227-153-4.plesk.page\/hr\/wp-json\/wp\/v2\/product_cat?post=3689890"},{"taxonomy":"product_tag","embeddable":true,"href":"https:\/\/stoic-curie.212-227-153-4.plesk.page\/hr\/wp-json\/wp\/v2\/product_tag?post=3689890"}],"curies":[{"name":"wp","href":"https:\/\/api.w.org\/{rel}","templated":true}]}}