{"id":3689899,"date":"2025-10-13T13:40:26","date_gmt":"2025-10-13T17:40:26","guid":{"rendered":"https:\/\/stoic-curie.212-227-153-4.plesk.page\/product\/fs-tipka-23mm-kromirani-mesing\/"},"modified":"2026-02-25T00:00:57","modified_gmt":"2026-02-25T00:00:57","slug":"fs-tipka-23mm-kromirani-mesing","status":"publish","type":"product","link":"https:\/\/stoic-curie.212-227-153-4.plesk.page\/hr\/product\/fs-tipka-23mm-kromirani-mesing\/","title":{"rendered":"F&#038;S tipka 23mm kromirani mesing"},"content":{"rendered":"<p>F&#038;S tipka 23mm kromirani mesing &#8211; <\/p>\n<p>F&#038;S plasti\u010dni sustav zaklju\u010davanja s kromiranim mesinganim gumbima za poklopce i ladice. Potrebno je dopuniti gumbom. Dimenzije ku\u0107i\u0161ta brave: 70 x 50 mm.<\/p>\n","protected":false},"excerpt":{"rendered":"<p>F&#038;S tipka 23mm kromirani mesing &#8211; F&#038;S plasti\u010dni sustav zaklju\u010davanja s kromiranim mesinganim gumbima za poklopce i ladice. Potrebno je<\/p>\n","protected":false},"featured_media":5943142,"comment_status":"closed","ping_status":"closed","template":"","meta":[],"product_brand":[2946],"product_cat":[1710],"product_tag":[],"class_list":{"0":"post-3689899","1":"product","2":"type-product","3":"status-publish","4":"has-post-thumbnail","6":"product_brand-foresti-suardi-hr","7":"product_cat-pribor-za-brodske-kabine","9":"first","10":"instock","11":"shipping-taxable","12":"purchasable","13":"product-type-simple"},"_links":{"self":[{"href":"https:\/\/stoic-curie.212-227-153-4.plesk.page\/hr\/wp-json\/wp\/v2\/product\/3689899","targetHints":{"allow":["GET"]}}],"collection":[{"href":"https:\/\/stoic-curie.212-227-153-4.plesk.page\/hr\/wp-json\/wp\/v2\/product"}],"about":[{"href":"https:\/\/stoic-curie.212-227-153-4.plesk.page\/hr\/wp-json\/wp\/v2\/types\/product"}],"replies":[{"embeddable":true,"href":"https:\/\/stoic-curie.212-227-153-4.plesk.page\/hr\/wp-json\/wp\/v2\/comments?post=3689899"}],"version-history":[{"count":0,"href":"https:\/\/stoic-curie.212-227-153-4.plesk.page\/hr\/wp-json\/wp\/v2\/product\/3689899\/revisions"}],"wp:featuredmedia":[{"embeddable":true,"href":"https:\/\/stoic-curie.212-227-153-4.plesk.page\/hr\/wp-json\/wp\/v2\/media\/5943142"}],"wp:attachment":[{"href":"https:\/\/stoic-curie.212-227-153-4.plesk.page\/hr\/wp-json\/wp\/v2\/media?parent=3689899"}],"wp:term":[{"taxonomy":"product_brand","embeddable":true,"href":"https:\/\/stoic-curie.212-227-153-4.plesk.page\/hr\/wp-json\/wp\/v2\/product_brand?post=3689899"},{"taxonomy":"product_cat","embeddable":true,"href":"https:\/\/stoic-curie.212-227-153-4.plesk.page\/hr\/wp-json\/wp\/v2\/product_cat?post=3689899"},{"taxonomy":"product_tag","embeddable":true,"href":"https:\/\/stoic-curie.212-227-153-4.plesk.page\/hr\/wp-json\/wp\/v2\/product_tag?post=3689899"}],"curies":[{"name":"wp","href":"https:\/\/api.w.org\/{rel}","templated":true}]}}