{"id":3689900,"date":"2025-10-13T13:40:27","date_gmt":"2025-10-13T17:40:27","guid":{"rendered":"https:\/\/stoic-curie.212-227-153-4.plesk.page\/product\/southco-okretni-gumb-za-bravu-upusteni-32x47mm-kromirana-zavrsna-obrada\/"},"modified":"2026-02-25T00:00:57","modified_gmt":"2026-02-25T00:00:57","slug":"southco-okretni-gumb-za-bravu-upusteni-32x47mm-kromirana-zavrsna-obrada","status":"publish","type":"product","link":"https:\/\/stoic-curie.212-227-153-4.plesk.page\/hr\/product\/southco-okretni-gumb-za-bravu-upusteni-32x47mm-kromirana-zavrsna-obrada\/","title":{"rendered":"Southco okretni gumb za bravu, upu\u0161teni, 32x47mm kromirana zavr\u0161na obrada"},"content":{"rendered":"<p>Southco okretni gumb za bravu, upu\u0161teni, 32x47mm kromirana zavr\u0161na obrada &#8211; <\/p>\n<p>Southco Push\/Twist brava s gumbom: gumb ostaje u ravnini kada je zatvoren, ali isko\u010di na dodir kako bi se osigurao siguran hvat za rad brava i otvaranje ili zatvaranje vrata. Okrenite gumb da biste otvorili, pritisnite vrata da biste zatvorili. Samo- prilagodljivi dr\u017ea\u010d. Matica i tijelo otporni na UV koroziju. Za monta\u017eu vrata u ravnini ili na povr\u0161ini.<\/p>\n","protected":false},"excerpt":{"rendered":"<p>Southco okretni gumb za bravu, upu\u0161teni, 32x47mm kromirana zavr\u0161na obrada &#8211; Southco Push\/Twist brava s gumbom: gumb ostaje u ravnini<\/p>\n","protected":false},"featured_media":5938004,"comment_status":"closed","ping_status":"closed","template":"","meta":[],"product_brand":[3416],"product_cat":[1687,1710],"product_tag":[],"class_list":{"0":"post-3689900","1":"product","2":"type-product","3":"status-publish","4":"has-post-thumbnail","6":"product_brand-southco-mobella-hr","7":"product_cat-brodski-zasuni","8":"product_cat-pribor-za-brodske-kabine","10":"first","11":"instock","12":"shipping-taxable","13":"purchasable","14":"product-type-simple"},"_links":{"self":[{"href":"https:\/\/stoic-curie.212-227-153-4.plesk.page\/hr\/wp-json\/wp\/v2\/product\/3689900","targetHints":{"allow":["GET"]}}],"collection":[{"href":"https:\/\/stoic-curie.212-227-153-4.plesk.page\/hr\/wp-json\/wp\/v2\/product"}],"about":[{"href":"https:\/\/stoic-curie.212-227-153-4.plesk.page\/hr\/wp-json\/wp\/v2\/types\/product"}],"replies":[{"embeddable":true,"href":"https:\/\/stoic-curie.212-227-153-4.plesk.page\/hr\/wp-json\/wp\/v2\/comments?post=3689900"}],"version-history":[{"count":0,"href":"https:\/\/stoic-curie.212-227-153-4.plesk.page\/hr\/wp-json\/wp\/v2\/product\/3689900\/revisions"}],"wp:featuredmedia":[{"embeddable":true,"href":"https:\/\/stoic-curie.212-227-153-4.plesk.page\/hr\/wp-json\/wp\/v2\/media\/5938004"}],"wp:attachment":[{"href":"https:\/\/stoic-curie.212-227-153-4.plesk.page\/hr\/wp-json\/wp\/v2\/media?parent=3689900"}],"wp:term":[{"taxonomy":"product_brand","embeddable":true,"href":"https:\/\/stoic-curie.212-227-153-4.plesk.page\/hr\/wp-json\/wp\/v2\/product_brand?post=3689900"},{"taxonomy":"product_cat","embeddable":true,"href":"https:\/\/stoic-curie.212-227-153-4.plesk.page\/hr\/wp-json\/wp\/v2\/product_cat?post=3689900"},{"taxonomy":"product_tag","embeddable":true,"href":"https:\/\/stoic-curie.212-227-153-4.plesk.page\/hr\/wp-json\/wp\/v2\/product_tag?post=3689900"}],"curies":[{"name":"wp","href":"https:\/\/api.w.org\/{rel}","templated":true}]}}