{"id":3689904,"date":"2025-10-13T13:40:28","date_gmt":"2025-10-13T17:40:28","guid":{"rendered":"https:\/\/stoic-curie.212-227-153-4.plesk.page\/product\/southco-point-kvadratni-zasun-25x50mm-satenski\/"},"modified":"2026-02-25T00:00:57","modified_gmt":"2026-02-25T00:00:57","slug":"southco-point-kvadratni-zasun-25x50mm-satenski","status":"publish","type":"product","link":"https:\/\/stoic-curie.212-227-153-4.plesk.page\/hr\/product\/southco-point-kvadratni-zasun-25x50mm-satenski\/","title":{"rendered":"Southco Point kvadratni zasun 25x50mm satenski"},"content":{"rendered":"<p>Southco Point kvadratni zasun 25x50mm satenski &#8211; <\/p>\n<p>Southco Push-to-Close to\u010dkastna brava s ravnim gumbom i kvadratnom flan\u0161om. Povla\u010dni gumb je usredoto\u010den na zatvorenim vratima i iska\u010de kada se vrata otvore. Crna najlon matica i ku\u0107i\u0161te, mesingani gumb i flan\u0161a. Trebalo bi se dovr\u0161iti s fiksnim ili podesivim dr\u017ea\u010dem.<\/p>\n","protected":false},"excerpt":{"rendered":"<p>Southco Point kvadratni zasun 25x50mm satenski &#8211; Southco Push-to-Close to\u010dkastna brava s ravnim gumbom i kvadratnom flan\u0161om. Povla\u010dni gumb je<\/p>\n","protected":false},"featured_media":5943146,"comment_status":"closed","ping_status":"closed","template":"","meta":[],"product_brand":[3416],"product_cat":[1687,1710],"product_tag":[],"class_list":{"0":"post-3689904","1":"product","2":"type-product","3":"status-publish","4":"has-post-thumbnail","6":"product_brand-southco-mobella-hr","7":"product_cat-brodski-zasuni","8":"product_cat-pribor-za-brodske-kabine","10":"first","11":"instock","12":"shipping-taxable","13":"purchasable","14":"product-type-simple"},"_links":{"self":[{"href":"https:\/\/stoic-curie.212-227-153-4.plesk.page\/hr\/wp-json\/wp\/v2\/product\/3689904","targetHints":{"allow":["GET"]}}],"collection":[{"href":"https:\/\/stoic-curie.212-227-153-4.plesk.page\/hr\/wp-json\/wp\/v2\/product"}],"about":[{"href":"https:\/\/stoic-curie.212-227-153-4.plesk.page\/hr\/wp-json\/wp\/v2\/types\/product"}],"replies":[{"embeddable":true,"href":"https:\/\/stoic-curie.212-227-153-4.plesk.page\/hr\/wp-json\/wp\/v2\/comments?post=3689904"}],"version-history":[{"count":0,"href":"https:\/\/stoic-curie.212-227-153-4.plesk.page\/hr\/wp-json\/wp\/v2\/product\/3689904\/revisions"}],"wp:featuredmedia":[{"embeddable":true,"href":"https:\/\/stoic-curie.212-227-153-4.plesk.page\/hr\/wp-json\/wp\/v2\/media\/5943146"}],"wp:attachment":[{"href":"https:\/\/stoic-curie.212-227-153-4.plesk.page\/hr\/wp-json\/wp\/v2\/media?parent=3689904"}],"wp:term":[{"taxonomy":"product_brand","embeddable":true,"href":"https:\/\/stoic-curie.212-227-153-4.plesk.page\/hr\/wp-json\/wp\/v2\/product_brand?post=3689904"},{"taxonomy":"product_cat","embeddable":true,"href":"https:\/\/stoic-curie.212-227-153-4.plesk.page\/hr\/wp-json\/wp\/v2\/product_cat?post=3689904"},{"taxonomy":"product_tag","embeddable":true,"href":"https:\/\/stoic-curie.212-227-153-4.plesk.page\/hr\/wp-json\/wp\/v2\/product_tag?post=3689904"}],"curies":[{"name":"wp","href":"https:\/\/api.w.org\/{rel}","templated":true}]}}