{"id":3689910,"date":"2025-10-13T13:40:29","date_gmt":"2025-10-13T17:40:29","guid":{"rendered":"https:\/\/stoic-curie.212-227-153-4.plesk.page\/product\/sigurnosni-profili-za-vanbrodske-motore-do-25-hp-35-x-240-mm\/"},"modified":"2026-02-25T00:00:57","modified_gmt":"2026-02-25T00:00:57","slug":"sigurnosni-profili-za-vanbrodske-motore-do-25-hp-35-x-240-mm","status":"publish","type":"product","link":"https:\/\/stoic-curie.212-227-153-4.plesk.page\/hr\/product\/sigurnosni-profili-za-vanbrodske-motore-do-25-hp-35-x-240-mm\/","title":{"rendered":"Sigurnosni profili za vanbrodske motore do 25 HP 35 x 240 mm"},"content":{"rendered":"<p>Sigurnosni profili za vanbrodske motore do 25 HP 35 x 240 mm &#8211; <\/p>\n<p>Za\u0161tita od kra\u0111e za vanbrodske motore s polugama za pri\u010dvr\u0161\u0107ivanje na krmu. Cijev 0344400 mora biti dopunjena zaklju\u010davanjem 0344444. Cijev 0344401 mora biti dopunjena zaklju\u010davanjem 0344455.<\/p>\n","protected":false},"excerpt":{"rendered":"<p>Sigurnosni profili za vanbrodske motore do 25 HP 35 x 240 mm &#8211; Za\u0161tita od kra\u0111e za vanbrodske motore s<\/p>\n","protected":false},"featured_media":5943157,"comment_status":"closed","ping_status":"closed","template":"","meta":[],"product_brand":[3491],"product_cat":[1827,1686],"product_tag":[],"class_list":{"0":"post-3689910","1":"product","2":"type-product","3":"status-publish","4":"has-post-thumbnail","6":"product_brand-trem-hr","7":"product_cat-dodatna-oprema-za-vanbrodske-motore","8":"product_cat-lokoti","10":"first","11":"instock","12":"shipping-taxable","13":"purchasable","14":"product-type-simple"},"_links":{"self":[{"href":"https:\/\/stoic-curie.212-227-153-4.plesk.page\/hr\/wp-json\/wp\/v2\/product\/3689910","targetHints":{"allow":["GET"]}}],"collection":[{"href":"https:\/\/stoic-curie.212-227-153-4.plesk.page\/hr\/wp-json\/wp\/v2\/product"}],"about":[{"href":"https:\/\/stoic-curie.212-227-153-4.plesk.page\/hr\/wp-json\/wp\/v2\/types\/product"}],"replies":[{"embeddable":true,"href":"https:\/\/stoic-curie.212-227-153-4.plesk.page\/hr\/wp-json\/wp\/v2\/comments?post=3689910"}],"version-history":[{"count":0,"href":"https:\/\/stoic-curie.212-227-153-4.plesk.page\/hr\/wp-json\/wp\/v2\/product\/3689910\/revisions"}],"wp:featuredmedia":[{"embeddable":true,"href":"https:\/\/stoic-curie.212-227-153-4.plesk.page\/hr\/wp-json\/wp\/v2\/media\/5943157"}],"wp:attachment":[{"href":"https:\/\/stoic-curie.212-227-153-4.plesk.page\/hr\/wp-json\/wp\/v2\/media?parent=3689910"}],"wp:term":[{"taxonomy":"product_brand","embeddable":true,"href":"https:\/\/stoic-curie.212-227-153-4.plesk.page\/hr\/wp-json\/wp\/v2\/product_brand?post=3689910"},{"taxonomy":"product_cat","embeddable":true,"href":"https:\/\/stoic-curie.212-227-153-4.plesk.page\/hr\/wp-json\/wp\/v2\/product_cat?post=3689910"},{"taxonomy":"product_tag","embeddable":true,"href":"https:\/\/stoic-curie.212-227-153-4.plesk.page\/hr\/wp-json\/wp\/v2\/product_tag?post=3689910"}],"curies":[{"name":"wp","href":"https:\/\/api.w.org\/{rel}","templated":true}]}}