{"id":3689919,"date":"2025-10-13T13:40:32","date_gmt":"2025-10-13T17:40:32","guid":{"rendered":"https:\/\/stoic-curie.212-227-153-4.plesk.page\/product\/sarka-od-nehrdajuceg-celika-odvojiva-desna-100x30mm\/"},"modified":"2026-02-25T00:00:57","modified_gmt":"2026-02-25T00:00:57","slug":"sarka-od-nehrdajuceg-celika-odvojiva-desna-100x30mm","status":"publish","type":"product","link":"https:\/\/stoic-curie.212-227-153-4.plesk.page\/hr\/product\/sarka-od-nehrdajuceg-celika-odvojiva-desna-100x30mm\/","title":{"rendered":"\u0160arka od nehr\u0111aju\u0107eg \u010delika, odvojiva, desna, 100x30mm"},"content":{"rendered":"<p>\u0160arka od nehr\u0111aju\u0107eg \u010delika, odvojiva, desna, 100x30mm &#8211; <\/p>\n<p>Kromirani mesingani ravni \u0161arkama.<\/p>\n","protected":false},"excerpt":{"rendered":"<p>\u0160arka od nehr\u0111aju\u0107eg \u010delika, odvojiva, desna, 100x30mm &#8211; Kromirani mesingani ravni \u0161arkama.<\/p>\n","protected":false},"featured_media":5943171,"comment_status":"closed","ping_status":"closed","template":"","meta":[],"product_brand":[3121],"product_cat":[1711],"product_tag":[],"class_list":{"0":"post-3689919","1":"product","2":"type-product","3":"status-publish","4":"has-post-thumbnail","6":"product_brand-marinetech-hr","7":"product_cat-brodske-sarke","9":"first","10":"instock","11":"shipping-taxable","12":"purchasable","13":"product-type-simple"},"_links":{"self":[{"href":"https:\/\/stoic-curie.212-227-153-4.plesk.page\/hr\/wp-json\/wp\/v2\/product\/3689919","targetHints":{"allow":["GET"]}}],"collection":[{"href":"https:\/\/stoic-curie.212-227-153-4.plesk.page\/hr\/wp-json\/wp\/v2\/product"}],"about":[{"href":"https:\/\/stoic-curie.212-227-153-4.plesk.page\/hr\/wp-json\/wp\/v2\/types\/product"}],"replies":[{"embeddable":true,"href":"https:\/\/stoic-curie.212-227-153-4.plesk.page\/hr\/wp-json\/wp\/v2\/comments?post=3689919"}],"version-history":[{"count":0,"href":"https:\/\/stoic-curie.212-227-153-4.plesk.page\/hr\/wp-json\/wp\/v2\/product\/3689919\/revisions"}],"wp:featuredmedia":[{"embeddable":true,"href":"https:\/\/stoic-curie.212-227-153-4.plesk.page\/hr\/wp-json\/wp\/v2\/media\/5943171"}],"wp:attachment":[{"href":"https:\/\/stoic-curie.212-227-153-4.plesk.page\/hr\/wp-json\/wp\/v2\/media?parent=3689919"}],"wp:term":[{"taxonomy":"product_brand","embeddable":true,"href":"https:\/\/stoic-curie.212-227-153-4.plesk.page\/hr\/wp-json\/wp\/v2\/product_brand?post=3689919"},{"taxonomy":"product_cat","embeddable":true,"href":"https:\/\/stoic-curie.212-227-153-4.plesk.page\/hr\/wp-json\/wp\/v2\/product_cat?post=3689919"},{"taxonomy":"product_tag","embeddable":true,"href":"https:\/\/stoic-curie.212-227-153-4.plesk.page\/hr\/wp-json\/wp\/v2\/product_tag?post=3689919"}],"curies":[{"name":"wp","href":"https:\/\/api.w.org\/{rel}","templated":true}]}}