{"id":3689924,"date":"2025-10-13T13:40:33","date_gmt":"2025-10-13T17:40:33","guid":{"rendered":"https:\/\/stoic-curie.212-227-153-4.plesk.page\/product\/ovalna-sarka-od-nehrdajuceg-celika-37x39x2-mm\/"},"modified":"2026-02-25T00:00:57","modified_gmt":"2026-02-25T00:00:57","slug":"ovalna-sarka-od-nehrdajuceg-celika-37x39x2-mm","status":"publish","type":"product","link":"https:\/\/stoic-curie.212-227-153-4.plesk.page\/hr\/product\/ovalna-sarka-od-nehrdajuceg-celika-37x39x2-mm\/","title":{"rendered":"Ovalna \u0161arka od nehr\u0111aju\u0107eg \u010delika 37x39x2 mm"},"content":{"rendered":"<p>Ovalna \u0161arka od nehr\u0111aju\u0107eg \u010delika 37x39x2 mm &#8211; <\/p>\n<p>Ogledalne nehr\u0111aju\u0107e \u010deli\u010dne okrugle bo\u010dne \u0161arke vrata s glatkim rubovima. <br \/>Standard = Gornja os \u0161arke <br \/>Centerpin = Sredi\u0161nja os \u0161arke <br \/>Reverse = Donja os \u0161arke<\/p>\n","protected":false},"excerpt":{"rendered":"<p>Ovalna \u0161arka od nehr\u0111aju\u0107eg \u010delika 37x39x2 mm &#8211; Ogledalne nehr\u0111aju\u0107e \u010deli\u010dne okrugle bo\u010dne \u0161arke vrata s glatkim rubovima. Standard =<\/p>\n","protected":false},"featured_media":5943177,"comment_status":"closed","ping_status":"closed","template":"","meta":[],"product_brand":[3121],"product_cat":[1711],"product_tag":[],"class_list":{"0":"post-3689924","1":"product","2":"type-product","3":"status-publish","4":"has-post-thumbnail","6":"product_brand-marinetech-hr","7":"product_cat-brodske-sarke","9":"first","10":"instock","11":"shipping-taxable","12":"purchasable","13":"product-type-simple"},"_links":{"self":[{"href":"https:\/\/stoic-curie.212-227-153-4.plesk.page\/hr\/wp-json\/wp\/v2\/product\/3689924","targetHints":{"allow":["GET"]}}],"collection":[{"href":"https:\/\/stoic-curie.212-227-153-4.plesk.page\/hr\/wp-json\/wp\/v2\/product"}],"about":[{"href":"https:\/\/stoic-curie.212-227-153-4.plesk.page\/hr\/wp-json\/wp\/v2\/types\/product"}],"replies":[{"embeddable":true,"href":"https:\/\/stoic-curie.212-227-153-4.plesk.page\/hr\/wp-json\/wp\/v2\/comments?post=3689924"}],"version-history":[{"count":0,"href":"https:\/\/stoic-curie.212-227-153-4.plesk.page\/hr\/wp-json\/wp\/v2\/product\/3689924\/revisions"}],"wp:featuredmedia":[{"embeddable":true,"href":"https:\/\/stoic-curie.212-227-153-4.plesk.page\/hr\/wp-json\/wp\/v2\/media\/5943177"}],"wp:attachment":[{"href":"https:\/\/stoic-curie.212-227-153-4.plesk.page\/hr\/wp-json\/wp\/v2\/media?parent=3689924"}],"wp:term":[{"taxonomy":"product_brand","embeddable":true,"href":"https:\/\/stoic-curie.212-227-153-4.plesk.page\/hr\/wp-json\/wp\/v2\/product_brand?post=3689924"},{"taxonomy":"product_cat","embeddable":true,"href":"https:\/\/stoic-curie.212-227-153-4.plesk.page\/hr\/wp-json\/wp\/v2\/product_cat?post=3689924"},{"taxonomy":"product_tag","embeddable":true,"href":"https:\/\/stoic-curie.212-227-153-4.plesk.page\/hr\/wp-json\/wp\/v2\/product_tag?post=3689924"}],"curies":[{"name":"wp","href":"https:\/\/api.w.org\/{rel}","templated":true}]}}