{"id":3689936,"date":"2025-10-13T13:40:36","date_gmt":"2025-10-13T17:40:36","guid":{"rendered":"https:\/\/stoic-curie.212-227-153-4.plesk.page\/product\/preklopna-sarka-od-nehrdajuceg-celika-52-5x37-5x3mm\/"},"modified":"2026-02-25T00:00:57","modified_gmt":"2026-02-25T00:00:57","slug":"preklopna-sarka-od-nehrdajuceg-celika-52-5x37-5x3mm","status":"publish","type":"product","link":"https:\/\/stoic-curie.212-227-153-4.plesk.page\/hr\/product\/preklopna-sarka-od-nehrdajuceg-celika-52-5x37-5x3mm\/","title":{"rendered":"Preklopna \u0161arka od nehr\u0111aju\u0107eg \u010delika 52.5&#215;37.5x3mm"},"content":{"rendered":"<p>Preklopna \u0161arka od nehr\u0111aju\u0107eg \u010delika 52.5&#215;37.5x3mm &#8211; <\/p>\n<p>Ogledalom polirani nehr\u0111aju\u0107i \u010delik, ekstra jaka offset kratka \u0161arka. Debljina 3 mm.<\/p>\n","protected":false},"excerpt":{"rendered":"<p>Preklopna \u0161arka od nehr\u0111aju\u0107eg \u010delika 52.5&#215;37.5x3mm &#8211; Ogledalom polirani nehr\u0111aju\u0107i \u010delik, ekstra jaka offset kratka \u0161arka. Debljina 3 mm.<\/p>\n","protected":false},"featured_media":5943200,"comment_status":"closed","ping_status":"closed","template":"","meta":[],"product_brand":[3121],"product_cat":[1711],"product_tag":[],"class_list":{"0":"post-3689936","1":"product","2":"type-product","3":"status-publish","4":"has-post-thumbnail","6":"product_brand-marinetech-hr","7":"product_cat-brodske-sarke","9":"first","10":"instock","11":"shipping-taxable","12":"purchasable","13":"product-type-simple"},"_links":{"self":[{"href":"https:\/\/stoic-curie.212-227-153-4.plesk.page\/hr\/wp-json\/wp\/v2\/product\/3689936","targetHints":{"allow":["GET"]}}],"collection":[{"href":"https:\/\/stoic-curie.212-227-153-4.plesk.page\/hr\/wp-json\/wp\/v2\/product"}],"about":[{"href":"https:\/\/stoic-curie.212-227-153-4.plesk.page\/hr\/wp-json\/wp\/v2\/types\/product"}],"replies":[{"embeddable":true,"href":"https:\/\/stoic-curie.212-227-153-4.plesk.page\/hr\/wp-json\/wp\/v2\/comments?post=3689936"}],"version-history":[{"count":0,"href":"https:\/\/stoic-curie.212-227-153-4.plesk.page\/hr\/wp-json\/wp\/v2\/product\/3689936\/revisions"}],"wp:featuredmedia":[{"embeddable":true,"href":"https:\/\/stoic-curie.212-227-153-4.plesk.page\/hr\/wp-json\/wp\/v2\/media\/5943200"}],"wp:attachment":[{"href":"https:\/\/stoic-curie.212-227-153-4.plesk.page\/hr\/wp-json\/wp\/v2\/media?parent=3689936"}],"wp:term":[{"taxonomy":"product_brand","embeddable":true,"href":"https:\/\/stoic-curie.212-227-153-4.plesk.page\/hr\/wp-json\/wp\/v2\/product_brand?post=3689936"},{"taxonomy":"product_cat","embeddable":true,"href":"https:\/\/stoic-curie.212-227-153-4.plesk.page\/hr\/wp-json\/wp\/v2\/product_cat?post=3689936"},{"taxonomy":"product_tag","embeddable":true,"href":"https:\/\/stoic-curie.212-227-153-4.plesk.page\/hr\/wp-json\/wp\/v2\/product_tag?post=3689936"}],"curies":[{"name":"wp","href":"https:\/\/api.w.org\/{rel}","templated":true}]}}