{"id":3689952,"date":"2025-10-13T13:40:41","date_gmt":"2025-10-13T17:40:41","guid":{"rendered":"https:\/\/stoic-curie.212-227-153-4.plesk.page\/product\/sklopivi-nogostup-za-jarbol-od-nehrdajuceg-celika-50x118mm\/"},"modified":"2026-02-25T00:00:57","modified_gmt":"2026-02-25T00:00:57","slug":"sklopivi-nogostup-za-jarbol-od-nehrdajuceg-celika-50x118mm","status":"publish","type":"product","link":"https:\/\/stoic-curie.212-227-153-4.plesk.page\/hr\/product\/sklopivi-nogostup-za-jarbol-od-nehrdajuceg-celika-50x118mm\/","title":{"rendered":"Sklopivi nogostup za jarbol od nehr\u0111aju\u0107eg \u010delika 50x118mm"},"content":{"rendered":"<p>Sklopivi nogostup za jarbol od nehr\u0111aju\u0107eg \u010delika 50x118mm &#8211; <\/p>\n<p>Elegantna, \u010dvrsta i lako montirana sklopiva stepenica od nehr\u0111aju\u0107eg \u010delika.<\/p>\n","protected":false},"excerpt":{"rendered":"<p>Sklopivi nogostup za jarbol od nehr\u0111aju\u0107eg \u010delika 50x118mm &#8211; Elegantna, \u010dvrsta i lako montirana sklopiva stepenica od nehr\u0111aju\u0107eg \u010delika.<\/p>\n","protected":false},"featured_media":5943217,"comment_status":"closed","ping_status":"closed","template":"","meta":[],"product_brand":[3236],"product_cat":[1771],"product_tag":[],"class_list":{"0":"post-3689952","1":"product","2":"type-product","3":"status-publish","4":"has-post-thumbnail","6":"product_brand-osculati-hr","7":"product_cat-oprema-za-jedrilice-oprema-za-jedrilice","9":"first","10":"instock","11":"shipping-taxable","12":"purchasable","13":"product-type-simple"},"_links":{"self":[{"href":"https:\/\/stoic-curie.212-227-153-4.plesk.page\/hr\/wp-json\/wp\/v2\/product\/3689952","targetHints":{"allow":["GET"]}}],"collection":[{"href":"https:\/\/stoic-curie.212-227-153-4.plesk.page\/hr\/wp-json\/wp\/v2\/product"}],"about":[{"href":"https:\/\/stoic-curie.212-227-153-4.plesk.page\/hr\/wp-json\/wp\/v2\/types\/product"}],"replies":[{"embeddable":true,"href":"https:\/\/stoic-curie.212-227-153-4.plesk.page\/hr\/wp-json\/wp\/v2\/comments?post=3689952"}],"version-history":[{"count":0,"href":"https:\/\/stoic-curie.212-227-153-4.plesk.page\/hr\/wp-json\/wp\/v2\/product\/3689952\/revisions"}],"wp:featuredmedia":[{"embeddable":true,"href":"https:\/\/stoic-curie.212-227-153-4.plesk.page\/hr\/wp-json\/wp\/v2\/media\/5943217"}],"wp:attachment":[{"href":"https:\/\/stoic-curie.212-227-153-4.plesk.page\/hr\/wp-json\/wp\/v2\/media?parent=3689952"}],"wp:term":[{"taxonomy":"product_brand","embeddable":true,"href":"https:\/\/stoic-curie.212-227-153-4.plesk.page\/hr\/wp-json\/wp\/v2\/product_brand?post=3689952"},{"taxonomy":"product_cat","embeddable":true,"href":"https:\/\/stoic-curie.212-227-153-4.plesk.page\/hr\/wp-json\/wp\/v2\/product_cat?post=3689952"},{"taxonomy":"product_tag","embeddable":true,"href":"https:\/\/stoic-curie.212-227-153-4.plesk.page\/hr\/wp-json\/wp\/v2\/product_tag?post=3689952"}],"curies":[{"name":"wp","href":"https:\/\/api.w.org\/{rel}","templated":true}]}}