{"id":3689953,"date":"2025-10-13T13:40:41","date_gmt":"2025-10-13T17:40:41","guid":{"rendered":"https:\/\/stoic-curie.212-227-153-4.plesk.page\/product\/remeni-za-dizanje-vanbrodskog-motora-max-50kg\/"},"modified":"2026-02-25T00:00:57","modified_gmt":"2026-02-25T00:00:57","slug":"remeni-za-dizanje-vanbrodskog-motora-max-50kg","status":"publish","type":"product","link":"https:\/\/stoic-curie.212-227-153-4.plesk.page\/hr\/product\/remeni-za-dizanje-vanbrodskog-motora-max-50kg\/","title":{"rendered":"Remeni za dizanje vanbrodskog motora max 50Kg"},"content":{"rendered":"<p>Remeni za dizanje vanbrodskog motora max 50Kg &#8211; <\/p>\n<p>Polirani vanjski davit od nehr\u0111aju\u0107eg \u010delika. Fiksna ili odvojiva monta\u017ea, mo\u017ee se okretati u svom postolju kako bi se u\u010dvrstila pomo\u0107u stege. Uklju\u010duje stegu, remenicu, bolard, blok i kukicu. Dodaci: poliester za dizanje za vanbrodske motore do 15 KS, 2 i 4 takt.<\/p>\n","protected":false},"excerpt":{"rendered":"<p>Remeni za dizanje vanbrodskog motora max 50Kg &#8211; Polirani vanjski davit od nehr\u0111aju\u0107eg \u010delika. Fiksna ili odvojiva monta\u017ea, mo\u017ee se<\/p>\n","protected":false},"featured_media":5943238,"comment_status":"closed","ping_status":"closed","template":"","meta":[],"product_brand":[3491],"product_cat":[1827,1840],"product_tag":[],"class_list":{"0":"post-3689953","1":"product","2":"type-product","3":"status-publish","4":"has-post-thumbnail","6":"product_brand-trem-hr","7":"product_cat-dodatna-oprema-za-vanbrodske-motore","8":"product_cat-sohe","10":"first","11":"instock","12":"shipping-taxable","13":"purchasable","14":"product-type-simple"},"_links":{"self":[{"href":"https:\/\/stoic-curie.212-227-153-4.plesk.page\/hr\/wp-json\/wp\/v2\/product\/3689953","targetHints":{"allow":["GET"]}}],"collection":[{"href":"https:\/\/stoic-curie.212-227-153-4.plesk.page\/hr\/wp-json\/wp\/v2\/product"}],"about":[{"href":"https:\/\/stoic-curie.212-227-153-4.plesk.page\/hr\/wp-json\/wp\/v2\/types\/product"}],"replies":[{"embeddable":true,"href":"https:\/\/stoic-curie.212-227-153-4.plesk.page\/hr\/wp-json\/wp\/v2\/comments?post=3689953"}],"version-history":[{"count":0,"href":"https:\/\/stoic-curie.212-227-153-4.plesk.page\/hr\/wp-json\/wp\/v2\/product\/3689953\/revisions"}],"wp:featuredmedia":[{"embeddable":true,"href":"https:\/\/stoic-curie.212-227-153-4.plesk.page\/hr\/wp-json\/wp\/v2\/media\/5943238"}],"wp:attachment":[{"href":"https:\/\/stoic-curie.212-227-153-4.plesk.page\/hr\/wp-json\/wp\/v2\/media?parent=3689953"}],"wp:term":[{"taxonomy":"product_brand","embeddable":true,"href":"https:\/\/stoic-curie.212-227-153-4.plesk.page\/hr\/wp-json\/wp\/v2\/product_brand?post=3689953"},{"taxonomy":"product_cat","embeddable":true,"href":"https:\/\/stoic-curie.212-227-153-4.plesk.page\/hr\/wp-json\/wp\/v2\/product_cat?post=3689953"},{"taxonomy":"product_tag","embeddable":true,"href":"https:\/\/stoic-curie.212-227-153-4.plesk.page\/hr\/wp-json\/wp\/v2\/product_tag?post=3689953"}],"curies":[{"name":"wp","href":"https:\/\/api.w.org\/{rel}","templated":true}]}}