{"id":3689960,"date":"2025-10-13T13:40:43","date_gmt":"2025-10-13T17:40:43","guid":{"rendered":"https:\/\/stoic-curie.212-227-153-4.plesk.page\/product\/nosaci-rukohvata-klasicni-d30-centralni-kromirani-mesing\/"},"modified":"2026-02-25T00:00:57","modified_gmt":"2026-02-25T00:00:57","slug":"nosaci-rukohvata-klasicni-d30-centralni-kromirani-mesing","status":"publish","type":"product","link":"https:\/\/stoic-curie.212-227-153-4.plesk.page\/hr\/product\/nosaci-rukohvata-klasicni-d30-centralni-kromirani-mesing\/","title":{"rendered":"Nosa\u010di rukohvata klasi\u010dni D30, centralni, kromirani mesing"},"content":{"rendered":"<p>Nosa\u010di rukohvata klasi\u010dni D30, centralni, kromirani mesing &#8211; <\/p>\n<p>Kromirane mjedenke potpore za rukohvate s okruglom bazom.<\/p>\n","protected":false},"excerpt":{"rendered":"<p>Nosa\u010di rukohvata klasi\u010dni D30, centralni, kromirani mesing &#8211; Kromirane mjedenke potpore za rukohvate s okruglom bazom.<\/p>\n","protected":false},"featured_media":5943246,"comment_status":"closed","ping_status":"closed","template":"","meta":[],"product_brand":[2946],"product_cat":[1707,1700],"product_tag":[],"class_list":{"0":"post-3689960","1":"product","2":"type-product","3":"status-publish","4":"has-post-thumbnail","6":"product_brand-foresti-suardi-hr","7":"product_cat-brodski-rukohvati","8":"product_cat-elementi-brodskih-rukohvata","10":"first","11":"instock","12":"shipping-taxable","13":"purchasable","14":"product-type-simple"},"_links":{"self":[{"href":"https:\/\/stoic-curie.212-227-153-4.plesk.page\/hr\/wp-json\/wp\/v2\/product\/3689960","targetHints":{"allow":["GET"]}}],"collection":[{"href":"https:\/\/stoic-curie.212-227-153-4.plesk.page\/hr\/wp-json\/wp\/v2\/product"}],"about":[{"href":"https:\/\/stoic-curie.212-227-153-4.plesk.page\/hr\/wp-json\/wp\/v2\/types\/product"}],"replies":[{"embeddable":true,"href":"https:\/\/stoic-curie.212-227-153-4.plesk.page\/hr\/wp-json\/wp\/v2\/comments?post=3689960"}],"version-history":[{"count":0,"href":"https:\/\/stoic-curie.212-227-153-4.plesk.page\/hr\/wp-json\/wp\/v2\/product\/3689960\/revisions"}],"wp:featuredmedia":[{"embeddable":true,"href":"https:\/\/stoic-curie.212-227-153-4.plesk.page\/hr\/wp-json\/wp\/v2\/media\/5943246"}],"wp:attachment":[{"href":"https:\/\/stoic-curie.212-227-153-4.plesk.page\/hr\/wp-json\/wp\/v2\/media?parent=3689960"}],"wp:term":[{"taxonomy":"product_brand","embeddable":true,"href":"https:\/\/stoic-curie.212-227-153-4.plesk.page\/hr\/wp-json\/wp\/v2\/product_brand?post=3689960"},{"taxonomy":"product_cat","embeddable":true,"href":"https:\/\/stoic-curie.212-227-153-4.plesk.page\/hr\/wp-json\/wp\/v2\/product_cat?post=3689960"},{"taxonomy":"product_tag","embeddable":true,"href":"https:\/\/stoic-curie.212-227-153-4.plesk.page\/hr\/wp-json\/wp\/v2\/product_tag?post=3689960"}],"curies":[{"name":"wp","href":"https:\/\/api.w.org\/{rel}","templated":true}]}}