{"id":3689965,"date":"2025-10-13T13:40:45","date_gmt":"2025-10-13T17:40:45","guid":{"rendered":"https:\/\/stoic-curie.212-227-153-4.plesk.page\/product\/nosac-rukohvata-d35-zavrsni-mesingana-glava\/"},"modified":"2026-02-25T00:00:57","modified_gmt":"2026-02-25T00:00:57","slug":"nosac-rukohvata-d35-zavrsni-mesingana-glava","status":"publish","type":"product","link":"https:\/\/stoic-curie.212-227-153-4.plesk.page\/hr\/product\/nosac-rukohvata-d35-zavrsni-mesingana-glava\/","title":{"rendered":"Nosa\u010d rukohvata D35, zavr\u0161ni mesingana glava"},"content":{"rendered":"<p>Nosa\u010d rukohvata D35, zavr\u0161ni mesingana glava &#8211; <\/p>\n<p>Podupira\u010di od poliranog mesinga.<\/p>\n","protected":false},"excerpt":{"rendered":"<p>Nosa\u010d rukohvata D35, zavr\u0161ni mesingana glava &#8211; Podupira\u010di od poliranog mesinga.<\/p>\n","protected":false},"featured_media":5943250,"comment_status":"closed","ping_status":"closed","template":"","meta":[],"product_brand":[2946],"product_cat":[1707,1700],"product_tag":[],"class_list":{"0":"post-3689965","1":"product","2":"type-product","3":"status-publish","4":"has-post-thumbnail","6":"product_brand-foresti-suardi-hr","7":"product_cat-brodski-rukohvati","8":"product_cat-elementi-brodskih-rukohvata","10":"first","11":"instock","12":"shipping-taxable","13":"purchasable","14":"product-type-simple"},"_links":{"self":[{"href":"https:\/\/stoic-curie.212-227-153-4.plesk.page\/hr\/wp-json\/wp\/v2\/product\/3689965","targetHints":{"allow":["GET"]}}],"collection":[{"href":"https:\/\/stoic-curie.212-227-153-4.plesk.page\/hr\/wp-json\/wp\/v2\/product"}],"about":[{"href":"https:\/\/stoic-curie.212-227-153-4.plesk.page\/hr\/wp-json\/wp\/v2\/types\/product"}],"replies":[{"embeddable":true,"href":"https:\/\/stoic-curie.212-227-153-4.plesk.page\/hr\/wp-json\/wp\/v2\/comments?post=3689965"}],"version-history":[{"count":0,"href":"https:\/\/stoic-curie.212-227-153-4.plesk.page\/hr\/wp-json\/wp\/v2\/product\/3689965\/revisions"}],"wp:featuredmedia":[{"embeddable":true,"href":"https:\/\/stoic-curie.212-227-153-4.plesk.page\/hr\/wp-json\/wp\/v2\/media\/5943250"}],"wp:attachment":[{"href":"https:\/\/stoic-curie.212-227-153-4.plesk.page\/hr\/wp-json\/wp\/v2\/media?parent=3689965"}],"wp:term":[{"taxonomy":"product_brand","embeddable":true,"href":"https:\/\/stoic-curie.212-227-153-4.plesk.page\/hr\/wp-json\/wp\/v2\/product_brand?post=3689965"},{"taxonomy":"product_cat","embeddable":true,"href":"https:\/\/stoic-curie.212-227-153-4.plesk.page\/hr\/wp-json\/wp\/v2\/product_cat?post=3689965"},{"taxonomy":"product_tag","embeddable":true,"href":"https:\/\/stoic-curie.212-227-153-4.plesk.page\/hr\/wp-json\/wp\/v2\/product_tag?post=3689965"}],"curies":[{"name":"wp","href":"https:\/\/api.w.org\/{rel}","templated":true}]}}