{"id":3689976,"date":"2025-10-13T13:40:48","date_gmt":"2025-10-13T17:40:48","guid":{"rendered":"https:\/\/stoic-curie.212-227-153-4.plesk.page\/product\/kvadratna-baza-60-nagnuta-nehrdajuci-celik-d25mm\/"},"modified":"2026-02-25T00:00:57","modified_gmt":"2026-02-25T00:00:57","slug":"kvadratna-baza-60-nagnuta-nehrdajuci-celik-d25mm","status":"publish","type":"product","link":"https:\/\/stoic-curie.212-227-153-4.plesk.page\/hr\/product\/kvadratna-baza-60-nagnuta-nehrdajuci-celik-d25mm\/","title":{"rendered":"Kvadratna baza 60 \u00b0 nagnuta, nehr\u0111aju\u0107i \u010delik D25mm"},"content":{"rendered":"<p>Kvadratna baza 60 \u00b0 nagnuta, nehr\u0111aju\u0107i \u010delik D25mm &#8211; <\/p>\n<p>Odlivana i polirana 316 nehr\u0111aju\u0107i \u010delik s kvadratnom osnovom od 60\u00b0.<\/p>\n","protected":false},"excerpt":{"rendered":"<p>Kvadratna baza 60 \u00b0 nagnuta, nehr\u0111aju\u0107i \u010delik D25mm &#8211; Odlivana i polirana 316 nehr\u0111aju\u0107i \u010delik s kvadratnom osnovom od 60\u00b0.<\/p>\n","protected":false},"featured_media":5943256,"comment_status":"closed","ping_status":"closed","template":"","meta":[],"product_brand":[3121],"product_cat":[1707,1700],"product_tag":[],"class_list":{"0":"post-3689976","1":"product","2":"type-product","3":"status-publish","4":"has-post-thumbnail","6":"product_brand-marinetech-hr","7":"product_cat-brodski-rukohvati","8":"product_cat-elementi-brodskih-rukohvata","10":"first","11":"instock","12":"shipping-taxable","13":"purchasable","14":"product-type-simple"},"_links":{"self":[{"href":"https:\/\/stoic-curie.212-227-153-4.plesk.page\/hr\/wp-json\/wp\/v2\/product\/3689976","targetHints":{"allow":["GET"]}}],"collection":[{"href":"https:\/\/stoic-curie.212-227-153-4.plesk.page\/hr\/wp-json\/wp\/v2\/product"}],"about":[{"href":"https:\/\/stoic-curie.212-227-153-4.plesk.page\/hr\/wp-json\/wp\/v2\/types\/product"}],"replies":[{"embeddable":true,"href":"https:\/\/stoic-curie.212-227-153-4.plesk.page\/hr\/wp-json\/wp\/v2\/comments?post=3689976"}],"version-history":[{"count":0,"href":"https:\/\/stoic-curie.212-227-153-4.plesk.page\/hr\/wp-json\/wp\/v2\/product\/3689976\/revisions"}],"wp:featuredmedia":[{"embeddable":true,"href":"https:\/\/stoic-curie.212-227-153-4.plesk.page\/hr\/wp-json\/wp\/v2\/media\/5943256"}],"wp:attachment":[{"href":"https:\/\/stoic-curie.212-227-153-4.plesk.page\/hr\/wp-json\/wp\/v2\/media?parent=3689976"}],"wp:term":[{"taxonomy":"product_brand","embeddable":true,"href":"https:\/\/stoic-curie.212-227-153-4.plesk.page\/hr\/wp-json\/wp\/v2\/product_brand?post=3689976"},{"taxonomy":"product_cat","embeddable":true,"href":"https:\/\/stoic-curie.212-227-153-4.plesk.page\/hr\/wp-json\/wp\/v2\/product_cat?post=3689976"},{"taxonomy":"product_tag","embeddable":true,"href":"https:\/\/stoic-curie.212-227-153-4.plesk.page\/hr\/wp-json\/wp\/v2\/product_tag?post=3689976"}],"curies":[{"name":"wp","href":"https:\/\/api.w.org\/{rel}","templated":true}]}}