{"id":3689978,"date":"2025-10-13T13:40:48","date_gmt":"2025-10-13T17:40:48","guid":{"rendered":"https:\/\/stoic-curie.212-227-153-4.plesk.page\/product\/okrugla-baza-lijevana-60-za-cijev-ograde-22mm-nehrdajuci-celik\/"},"modified":"2026-02-25T00:00:57","modified_gmt":"2026-02-25T00:00:57","slug":"okrugla-baza-lijevana-60-za-cijev-ograde-22mm-nehrdajuci-celik","status":"publish","type":"product","link":"https:\/\/stoic-curie.212-227-153-4.plesk.page\/hr\/product\/okrugla-baza-lijevana-60-za-cijev-ograde-22mm-nehrdajuci-celik\/","title":{"rendered":"Okrugla baza lijevana 60 \u00b0 za cijev ograde 22mm nehr\u0111aju\u0107i \u010delik"},"content":{"rendered":"<p>Okrugla baza lijevana 60 \u00b0 za cijev ograde 22mm nehr\u0111aju\u0107i \u010delik &#8211; <\/p>\n<p>Oblikovana 316 nehr\u0111aju\u0107i \u010delik s 60\u00b0 okruglom bazom.<\/p>\n","protected":false},"excerpt":{"rendered":"<p>Okrugla baza lijevana 60 \u00b0 za cijev ograde 22mm nehr\u0111aju\u0107i \u010delik &#8211; Oblikovana 316 nehr\u0111aju\u0107i \u010delik s 60\u00b0 okruglom bazom.<\/p>\n","protected":false},"featured_media":5943260,"comment_status":"closed","ping_status":"closed","template":"","meta":[],"product_brand":[3121],"product_cat":[1707,1700],"product_tag":[],"class_list":{"0":"post-3689978","1":"product","2":"type-product","3":"status-publish","4":"has-post-thumbnail","6":"product_brand-marinetech-hr","7":"product_cat-brodski-rukohvati","8":"product_cat-elementi-brodskih-rukohvata","10":"first","11":"instock","12":"shipping-taxable","13":"purchasable","14":"product-type-simple"},"_links":{"self":[{"href":"https:\/\/stoic-curie.212-227-153-4.plesk.page\/hr\/wp-json\/wp\/v2\/product\/3689978","targetHints":{"allow":["GET"]}}],"collection":[{"href":"https:\/\/stoic-curie.212-227-153-4.plesk.page\/hr\/wp-json\/wp\/v2\/product"}],"about":[{"href":"https:\/\/stoic-curie.212-227-153-4.plesk.page\/hr\/wp-json\/wp\/v2\/types\/product"}],"replies":[{"embeddable":true,"href":"https:\/\/stoic-curie.212-227-153-4.plesk.page\/hr\/wp-json\/wp\/v2\/comments?post=3689978"}],"version-history":[{"count":0,"href":"https:\/\/stoic-curie.212-227-153-4.plesk.page\/hr\/wp-json\/wp\/v2\/product\/3689978\/revisions"}],"wp:featuredmedia":[{"embeddable":true,"href":"https:\/\/stoic-curie.212-227-153-4.plesk.page\/hr\/wp-json\/wp\/v2\/media\/5943260"}],"wp:attachment":[{"href":"https:\/\/stoic-curie.212-227-153-4.plesk.page\/hr\/wp-json\/wp\/v2\/media?parent=3689978"}],"wp:term":[{"taxonomy":"product_brand","embeddable":true,"href":"https:\/\/stoic-curie.212-227-153-4.plesk.page\/hr\/wp-json\/wp\/v2\/product_brand?post=3689978"},{"taxonomy":"product_cat","embeddable":true,"href":"https:\/\/stoic-curie.212-227-153-4.plesk.page\/hr\/wp-json\/wp\/v2\/product_cat?post=3689978"},{"taxonomy":"product_tag","embeddable":true,"href":"https:\/\/stoic-curie.212-227-153-4.plesk.page\/hr\/wp-json\/wp\/v2\/product_tag?post=3689978"}],"curies":[{"name":"wp","href":"https:\/\/api.w.org\/{rel}","templated":true}]}}