{"id":3689991,"date":"2025-10-13T13:40:52","date_gmt":"2025-10-13T17:40:52","guid":{"rendered":"https:\/\/stoic-curie.212-227-153-4.plesk.page\/product\/odvojiva-potpora-za-ljestve\/"},"modified":"2026-02-25T00:00:57","modified_gmt":"2026-02-25T00:00:57","slug":"odvojiva-potpora-za-ljestve","status":"publish","type":"product","link":"https:\/\/stoic-curie.212-227-153-4.plesk.page\/hr\/product\/odvojiva-potpora-za-ljestve\/","title":{"rendered":"Odvojiva potpora za ljestve"},"content":{"rendered":"<p>Odvojiva potpora za ljestve &#8211; <\/p>\n<p>Predstavljamo na\u0161 spoj s Removable base od nehr\u0111aju\u0107eg \u010delika, dizajniran posebno za ljestve za ukrcavanje. Ova inovativna uti\u010dnica omogu\u0107uje brzo i u\u010dinkovito uklanjanje ljestava izravno s krmenog dijela va\u0161e \u010damca. Sustav je jednostavan i prilago\u0111en korisniku, omogu\u0107uju\u0107i vam da bez napora sastavljate i rastavljate ljestve na bilo kojem dijelu va\u0161e plovila. Bilo da se pripremate za vezivanje ili jednostavno trebate pohraniti ljestve, ova zna\u010dajka pru\u017ea prakti\u010dnost i fleksibilnost, pobolj\u0161avaju\u0107i va\u0161e ukupno iskustvo plovidbe.&nbsp;<\/p>\n","protected":false},"excerpt":{"rendered":"<p>Odvojiva potpora za ljestve &#8211; Predstavljamo na\u0161 spoj s Removable base od nehr\u0111aju\u0107eg \u010delika, dizajniran posebno za ljestve za ukrcavanje.<\/p>\n","protected":false},"featured_media":5943272,"comment_status":"closed","ping_status":"closed","template":"","meta":[],"product_brand":[3491],"product_cat":[1694,1618,1614],"product_tag":[],"class_list":{"0":"post-3689991","1":"product","2":"type-product","3":"status-publish","4":"has-post-thumbnail","6":"product_brand-trem-hr","7":"product_cat-brodske-krmene-platforme","8":"product_cat-ljestve-za-brodove","9":"product_cat-platforme-za-plivanje-na-brodu","11":"first","12":"instock","13":"shipping-taxable","14":"purchasable","15":"product-type-simple"},"_links":{"self":[{"href":"https:\/\/stoic-curie.212-227-153-4.plesk.page\/hr\/wp-json\/wp\/v2\/product\/3689991","targetHints":{"allow":["GET"]}}],"collection":[{"href":"https:\/\/stoic-curie.212-227-153-4.plesk.page\/hr\/wp-json\/wp\/v2\/product"}],"about":[{"href":"https:\/\/stoic-curie.212-227-153-4.plesk.page\/hr\/wp-json\/wp\/v2\/types\/product"}],"replies":[{"embeddable":true,"href":"https:\/\/stoic-curie.212-227-153-4.plesk.page\/hr\/wp-json\/wp\/v2\/comments?post=3689991"}],"version-history":[{"count":0,"href":"https:\/\/stoic-curie.212-227-153-4.plesk.page\/hr\/wp-json\/wp\/v2\/product\/3689991\/revisions"}],"wp:featuredmedia":[{"embeddable":true,"href":"https:\/\/stoic-curie.212-227-153-4.plesk.page\/hr\/wp-json\/wp\/v2\/media\/5943272"}],"wp:attachment":[{"href":"https:\/\/stoic-curie.212-227-153-4.plesk.page\/hr\/wp-json\/wp\/v2\/media?parent=3689991"}],"wp:term":[{"taxonomy":"product_brand","embeddable":true,"href":"https:\/\/stoic-curie.212-227-153-4.plesk.page\/hr\/wp-json\/wp\/v2\/product_brand?post=3689991"},{"taxonomy":"product_cat","embeddable":true,"href":"https:\/\/stoic-curie.212-227-153-4.plesk.page\/hr\/wp-json\/wp\/v2\/product_cat?post=3689991"},{"taxonomy":"product_tag","embeddable":true,"href":"https:\/\/stoic-curie.212-227-153-4.plesk.page\/hr\/wp-json\/wp\/v2\/product_tag?post=3689991"}],"curies":[{"name":"wp","href":"https:\/\/api.w.org\/{rel}","templated":true}]}}