{"id":3689998,"date":"2025-10-13T13:40:53","date_gmt":"2025-10-13T17:40:53","guid":{"rendered":"https:\/\/stoic-curie.212-227-153-4.plesk.page\/product\/lahna-veslo-44x17-mm\/"},"modified":"2026-02-25T00:00:57","modified_gmt":"2026-02-25T00:00:57","slug":"lahna-veslo-44x17-mm","status":"publish","type":"product","link":"https:\/\/stoic-curie.212-227-153-4.plesk.page\/hr\/product\/lahna-veslo-44x17-mm\/","title":{"rendered":"Lahna veslo 44&#215;17 mm"},"content":{"rendered":"<p>Lahna veslo 44&#215;17 mm &#8211; <\/p>\n<p>Prakti\u010dan i jak plasti\u010dni spojni element. Veslo se stavlja u plasti\u010dni spojni prsten, gdje ostaje na mjestu \u010dak i kada ispustite zahvat. Osigurava lako i sigurno veslanje.<\/p>\n","protected":false},"excerpt":{"rendered":"<p>Lahna veslo 44&#215;17 mm &#8211; Prakti\u010dan i jak plasti\u010dni spojni element. Veslo se stavlja u plasti\u010dni spojni prsten, gdje ostaje<\/p>\n","protected":false},"featured_media":5943276,"comment_status":"closed","ping_status":"closed","template":"","meta":[],"product_brand":[3061],"product_cat":[1839,1836],"product_tag":[],"class_list":{"0":"post-3689998","1":"product","2":"type-product","3":"status-publish","4":"has-post-thumbnail","6":"product_brand-lahna-hr","7":"product_cat-oprema-za-pomocne-brodice","8":"product_cat-vesla","10":"first","11":"instock","12":"shipping-taxable","13":"purchasable","14":"product-type-simple"},"_links":{"self":[{"href":"https:\/\/stoic-curie.212-227-153-4.plesk.page\/hr\/wp-json\/wp\/v2\/product\/3689998","targetHints":{"allow":["GET"]}}],"collection":[{"href":"https:\/\/stoic-curie.212-227-153-4.plesk.page\/hr\/wp-json\/wp\/v2\/product"}],"about":[{"href":"https:\/\/stoic-curie.212-227-153-4.plesk.page\/hr\/wp-json\/wp\/v2\/types\/product"}],"replies":[{"embeddable":true,"href":"https:\/\/stoic-curie.212-227-153-4.plesk.page\/hr\/wp-json\/wp\/v2\/comments?post=3689998"}],"version-history":[{"count":0,"href":"https:\/\/stoic-curie.212-227-153-4.plesk.page\/hr\/wp-json\/wp\/v2\/product\/3689998\/revisions"}],"wp:featuredmedia":[{"embeddable":true,"href":"https:\/\/stoic-curie.212-227-153-4.plesk.page\/hr\/wp-json\/wp\/v2\/media\/5943276"}],"wp:attachment":[{"href":"https:\/\/stoic-curie.212-227-153-4.plesk.page\/hr\/wp-json\/wp\/v2\/media?parent=3689998"}],"wp:term":[{"taxonomy":"product_brand","embeddable":true,"href":"https:\/\/stoic-curie.212-227-153-4.plesk.page\/hr\/wp-json\/wp\/v2\/product_brand?post=3689998"},{"taxonomy":"product_cat","embeddable":true,"href":"https:\/\/stoic-curie.212-227-153-4.plesk.page\/hr\/wp-json\/wp\/v2\/product_cat?post=3689998"},{"taxonomy":"product_tag","embeddable":true,"href":"https:\/\/stoic-curie.212-227-153-4.plesk.page\/hr\/wp-json\/wp\/v2\/product_tag?post=3689998"}],"curies":[{"name":"wp","href":"https:\/\/api.w.org\/{rel}","templated":true}]}}