{"id":3690012,"date":"2025-10-13T13:40:56","date_gmt":"2025-10-13T17:40:56","guid":{"rendered":"https:\/\/stoic-curie.212-227-153-4.plesk.page\/product\/zidni-nosac-hd-clip-22-35-mm-par\/"},"modified":"2026-02-25T00:00:57","modified_gmt":"2026-02-25T00:00:57","slug":"zidni-nosac-hd-clip-22-35-mm-par","status":"publish","type":"product","link":"https:\/\/stoic-curie.212-227-153-4.plesk.page\/hr\/product\/zidni-nosac-hd-clip-22-35-mm-par\/","title":{"rendered":"Zidni nosa\u010d HD Clip 22\/35 mm, par"},"content":{"rendered":"<p>Zidni nosa\u010d HD Clip 22\/35 mm, par &#8211; <\/p>\n<p>Dva bo\u010dna meka isje\u010daka s veli\u010dinom isje\u010dka \u00d8 2235 mm. Prodaje se u parovima.<\/p>\n","protected":false},"excerpt":{"rendered":"<p>Zidni nosa\u010d HD Clip 22\/35 mm, par &#8211; Dva bo\u010dna meka isje\u010daka s veli\u010dinom isje\u010dka \u00d8 2235 mm. Prodaje se<\/p>\n","protected":false},"featured_media":5943286,"comment_status":"closed","ping_status":"closed","template":"","meta":[],"product_brand":[2861],"product_cat":[1644],"product_tag":[],"class_list":{"0":"post-3690012","1":"product","2":"type-product","3":"status-publish","4":"has-post-thumbnail","6":"product_brand-ceredi-hr","7":"product_cat-pribor-za-spremista","9":"first","10":"instock","11":"shipping-taxable","12":"purchasable","13":"product-type-simple"},"_links":{"self":[{"href":"https:\/\/stoic-curie.212-227-153-4.plesk.page\/hr\/wp-json\/wp\/v2\/product\/3690012","targetHints":{"allow":["GET"]}}],"collection":[{"href":"https:\/\/stoic-curie.212-227-153-4.plesk.page\/hr\/wp-json\/wp\/v2\/product"}],"about":[{"href":"https:\/\/stoic-curie.212-227-153-4.plesk.page\/hr\/wp-json\/wp\/v2\/types\/product"}],"replies":[{"embeddable":true,"href":"https:\/\/stoic-curie.212-227-153-4.plesk.page\/hr\/wp-json\/wp\/v2\/comments?post=3690012"}],"version-history":[{"count":0,"href":"https:\/\/stoic-curie.212-227-153-4.plesk.page\/hr\/wp-json\/wp\/v2\/product\/3690012\/revisions"}],"wp:featuredmedia":[{"embeddable":true,"href":"https:\/\/stoic-curie.212-227-153-4.plesk.page\/hr\/wp-json\/wp\/v2\/media\/5943286"}],"wp:attachment":[{"href":"https:\/\/stoic-curie.212-227-153-4.plesk.page\/hr\/wp-json\/wp\/v2\/media?parent=3690012"}],"wp:term":[{"taxonomy":"product_brand","embeddable":true,"href":"https:\/\/stoic-curie.212-227-153-4.plesk.page\/hr\/wp-json\/wp\/v2\/product_brand?post=3690012"},{"taxonomy":"product_cat","embeddable":true,"href":"https:\/\/stoic-curie.212-227-153-4.plesk.page\/hr\/wp-json\/wp\/v2\/product_cat?post=3690012"},{"taxonomy":"product_tag","embeddable":true,"href":"https:\/\/stoic-curie.212-227-153-4.plesk.page\/hr\/wp-json\/wp\/v2\/product_tag?post=3690012"}],"curies":[{"name":"wp","href":"https:\/\/api.w.org\/{rel}","templated":true}]}}