{"id":3690018,"date":"2025-10-13T13:40:57","date_gmt":"2025-10-13T17:40:57","guid":{"rendered":"https:\/\/stoic-curie.212-227-153-4.plesk.page\/product\/bijeli-drzac-stapa-skriveni-nosac-h250-mm-d40-mm\/"},"modified":"2026-02-25T00:00:57","modified_gmt":"2026-02-25T00:00:57","slug":"bijeli-drzac-stapa-skriveni-nosac-h250-mm-d40-mm","status":"publish","type":"product","link":"https:\/\/stoic-curie.212-227-153-4.plesk.page\/hr\/product\/bijeli-drzac-stapa-skriveni-nosac-h250-mm-d40-mm\/","title":{"rendered":"Bijeli dr\u017ea\u010d \u0161tapa skriveni nosa\u010d H250 Mm D40 mm"},"content":{"rendered":"<p>Bijeli dr\u017ea\u010d \u0161tapa skriveni nosa\u010d H250 Mm D40 mm &#8211; <\/p>\n<p>Plasti\u010dni dr\u017ea\u010d \u0161tapa za ugradnju. Crne i bijele PVC kapice mogu se koristiti za sve dr\u017ea\u010de \u0161tapa.<\/p>\n","protected":false},"excerpt":{"rendered":"<p>Bijeli dr\u017ea\u010d \u0161tapa skriveni nosa\u010d H250 Mm D40 mm &#8211; Plasti\u010dni dr\u017ea\u010d \u0161tapa za ugradnju. Crne i bijele PVC kapice<\/p>\n","protected":false},"featured_media":5943297,"comment_status":"closed","ping_status":"closed","template":"","meta":[],"product_brand":[3211],"product_cat":[1680,1843],"product_tag":[],"class_list":{"0":"post-3690018","1":"product","2":"type-product","3":"status-publish","4":"has-post-thumbnail","6":"product_brand-nuova-rade-hr","7":"product_cat-drzaci-stapova-za-ribolov","8":"product_cat-oprema-za-ribolov-na-brodu","10":"first","11":"instock","12":"shipping-taxable","13":"purchasable","14":"product-type-simple"},"_links":{"self":[{"href":"https:\/\/stoic-curie.212-227-153-4.plesk.page\/hr\/wp-json\/wp\/v2\/product\/3690018","targetHints":{"allow":["GET"]}}],"collection":[{"href":"https:\/\/stoic-curie.212-227-153-4.plesk.page\/hr\/wp-json\/wp\/v2\/product"}],"about":[{"href":"https:\/\/stoic-curie.212-227-153-4.plesk.page\/hr\/wp-json\/wp\/v2\/types\/product"}],"replies":[{"embeddable":true,"href":"https:\/\/stoic-curie.212-227-153-4.plesk.page\/hr\/wp-json\/wp\/v2\/comments?post=3690018"}],"version-history":[{"count":0,"href":"https:\/\/stoic-curie.212-227-153-4.plesk.page\/hr\/wp-json\/wp\/v2\/product\/3690018\/revisions"}],"wp:featuredmedia":[{"embeddable":true,"href":"https:\/\/stoic-curie.212-227-153-4.plesk.page\/hr\/wp-json\/wp\/v2\/media\/5943297"}],"wp:attachment":[{"href":"https:\/\/stoic-curie.212-227-153-4.plesk.page\/hr\/wp-json\/wp\/v2\/media?parent=3690018"}],"wp:term":[{"taxonomy":"product_brand","embeddable":true,"href":"https:\/\/stoic-curie.212-227-153-4.plesk.page\/hr\/wp-json\/wp\/v2\/product_brand?post=3690018"},{"taxonomy":"product_cat","embeddable":true,"href":"https:\/\/stoic-curie.212-227-153-4.plesk.page\/hr\/wp-json\/wp\/v2\/product_cat?post=3690018"},{"taxonomy":"product_tag","embeddable":true,"href":"https:\/\/stoic-curie.212-227-153-4.plesk.page\/hr\/wp-json\/wp\/v2\/product_tag?post=3690018"}],"curies":[{"name":"wp","href":"https:\/\/api.w.org\/{rel}","templated":true}]}}