{"id":3690025,"date":"2025-10-13T13:40:58","date_gmt":"2025-10-13T17:40:58","guid":{"rendered":"https:\/\/stoic-curie.212-227-153-4.plesk.page\/product\/lahna-koplje-za-zastavu-borovine-d25-h750mm\/"},"modified":"2026-02-25T00:00:57","modified_gmt":"2026-02-25T00:00:57","slug":"lahna-koplje-za-zastavu-borovine-d25-h750mm","status":"publish","type":"product","link":"https:\/\/stoic-curie.212-227-153-4.plesk.page\/hr\/product\/lahna-koplje-za-zastavu-borovine-d25-h750mm\/","title":{"rendered":"Lahna koplje za zastavu. borovine D25 H750mm"},"content":{"rendered":"<p>Lahna koplje za zastavu. borovine D25 H750mm &#8211; <\/p>\n<p>\u010cvrsti prozirni jarac od finskog bora s mahagonijskim vrhom i stezaljkom za u\u017ee. Savr\u0161ena zavr\u0161na obrada s posebnim vodoodbojnim za\u0161titnim lakom.<\/p>\n","protected":false},"excerpt":{"rendered":"<p>Lahna koplje za zastavu. borovine D25 H750mm &#8211; \u010cvrsti prozirni jarac od finskog bora s mahagonijskim vrhom i stezaljkom za<\/p>\n","protected":false},"featured_media":5936670,"comment_status":"closed","ping_status":"closed","template":"","meta":[],"product_brand":[3061],"product_cat":[1681],"product_tag":[],"class_list":{"0":"post-3690025","1":"product","2":"type-product","3":"status-publish","4":"has-post-thumbnail","6":"product_brand-lahna-hr","7":"product_cat-zastavna-koplja","9":"first","10":"instock","11":"shipping-taxable","12":"purchasable","13":"product-type-simple"},"_links":{"self":[{"href":"https:\/\/stoic-curie.212-227-153-4.plesk.page\/hr\/wp-json\/wp\/v2\/product\/3690025","targetHints":{"allow":["GET"]}}],"collection":[{"href":"https:\/\/stoic-curie.212-227-153-4.plesk.page\/hr\/wp-json\/wp\/v2\/product"}],"about":[{"href":"https:\/\/stoic-curie.212-227-153-4.plesk.page\/hr\/wp-json\/wp\/v2\/types\/product"}],"replies":[{"embeddable":true,"href":"https:\/\/stoic-curie.212-227-153-4.plesk.page\/hr\/wp-json\/wp\/v2\/comments?post=3690025"}],"version-history":[{"count":0,"href":"https:\/\/stoic-curie.212-227-153-4.plesk.page\/hr\/wp-json\/wp\/v2\/product\/3690025\/revisions"}],"wp:featuredmedia":[{"embeddable":true,"href":"https:\/\/stoic-curie.212-227-153-4.plesk.page\/hr\/wp-json\/wp\/v2\/media\/5936670"}],"wp:attachment":[{"href":"https:\/\/stoic-curie.212-227-153-4.plesk.page\/hr\/wp-json\/wp\/v2\/media?parent=3690025"}],"wp:term":[{"taxonomy":"product_brand","embeddable":true,"href":"https:\/\/stoic-curie.212-227-153-4.plesk.page\/hr\/wp-json\/wp\/v2\/product_brand?post=3690025"},{"taxonomy":"product_cat","embeddable":true,"href":"https:\/\/stoic-curie.212-227-153-4.plesk.page\/hr\/wp-json\/wp\/v2\/product_cat?post=3690025"},{"taxonomy":"product_tag","embeddable":true,"href":"https:\/\/stoic-curie.212-227-153-4.plesk.page\/hr\/wp-json\/wp\/v2\/product_tag?post=3690025"}],"curies":[{"name":"wp","href":"https:\/\/api.w.org\/{rel}","templated":true}]}}