{"id":3690031,"date":"2025-10-13T13:41:00","date_gmt":"2025-10-13T17:41:00","guid":{"rendered":"https:\/\/stoic-curie.212-227-153-4.plesk.page\/product\/kit-za-popravak-rucnog-wc-a-johnson-aquat\/"},"modified":"2026-02-25T00:00:57","modified_gmt":"2026-02-25T00:00:57","slug":"kit-za-popravak-rucnog-wc-a-johnson-aquat","status":"publish","type":"product","link":"https:\/\/stoic-curie.212-227-153-4.plesk.page\/hr\/product\/kit-za-popravak-rucnog-wc-a-johnson-aquat\/","title":{"rendered":"Kit za popravak ru\u010dnog WC-a Johnson AquaT"},"content":{"rendered":"<p>Kit za popravak ru\u010dnog WC-a Johnson AquaT &#8211; <\/p>\n<p>Johnson AquaT WC ima ergonomi\u010dki dizajniranu ru\u010dnu pumpu s dvostrukim djelovanjem koja se mo\u017ee montirati s desne ili lijeve strane. Radi s slatkom i slanom vodom, a mo\u017ee se montirati iznad ili ispod razine vode. Dostupno u tri modela: \u00e2\u0080\u00a2 Kompaktno \u00e2\u0080\u0093 manji i kompaktniji za ograni\u010dene prostore s okruglim sjedi\u0161tem \u00e2\u0080\u00a2 Udobnost \u00e2\u0080\u201c ve\u0107e i udobnije s ovalnim sjedi\u0161tem \u00e2\u0080\u00a2 Super kompakt &#8211; manji i lak\u0161i s okruglim sjedi\u0161tem. Izra\u0111eno od izvanrednog bijelog vitra\u017enog porculana za savr\u0161enu higijenu. Prakti\u010dno, tiho i pouzdano. Jaka vrtlo\u017ena akcija za u\u010dinkovito ispiranje. Vodstvo od mesinganih klipova za du\u017ei radni vijek. Prigu\u0161ena gornja zatvara\u010dka ventila olak\u0161ava primanje. Dvostruke ventile za sprje\u010davanje povratnog toka s punim promjerom od 38 mm (1 1\/2&#8243;) kako bi se sprije\u010dila povratna struja. Vi\u0161ekutni izlaz za ve\u0107u slobodu instalacije. Dvostruko brtvljenje osnovnog utika\u010da za zimsko isu\u0161ivanje i lak pristup \u010di\u0161\u0107enju. Pristupa\u010dne to\u010dke monta\u017ee za br\u017eu instalaciju bez posebnog alata. Fleksibilni uzorak rupa na bazi za lak\u0161u zamjenu s naj\u010de\u0161\u0107im WC-ima na tr\u017ei\u0161tu. Ulaz \u00f8 20 mm (3\/4&#8243;) izlaz \u00f8 38 mm (1&#8243; 1\/2). Jamstvo 3 godine.<\/p>\n","protected":false},"excerpt":{"rendered":"<p>Kit za popravak ru\u010dnog WC-a Johnson AquaT &#8211; Johnson AquaT WC ima ergonomi\u010dki dizajniranu ru\u010dnu pumpu s dvostrukim djelovanjem koja<\/p>\n","protected":false},"featured_media":5943330,"comment_status":"closed","ping_status":"closed","template":"","meta":[],"product_brand":[3046],"product_cat":[1675],"product_tag":[],"class_list":{"0":"post-3690031","1":"product","2":"type-product","3":"status-publish","4":"has-post-thumbnail","6":"product_brand-johnson-marine-hr","7":"product_cat-brodski-wc","9":"first","10":"instock","11":"shipping-taxable","12":"purchasable","13":"product-type-simple"},"_links":{"self":[{"href":"https:\/\/stoic-curie.212-227-153-4.plesk.page\/hr\/wp-json\/wp\/v2\/product\/3690031","targetHints":{"allow":["GET"]}}],"collection":[{"href":"https:\/\/stoic-curie.212-227-153-4.plesk.page\/hr\/wp-json\/wp\/v2\/product"}],"about":[{"href":"https:\/\/stoic-curie.212-227-153-4.plesk.page\/hr\/wp-json\/wp\/v2\/types\/product"}],"replies":[{"embeddable":true,"href":"https:\/\/stoic-curie.212-227-153-4.plesk.page\/hr\/wp-json\/wp\/v2\/comments?post=3690031"}],"version-history":[{"count":0,"href":"https:\/\/stoic-curie.212-227-153-4.plesk.page\/hr\/wp-json\/wp\/v2\/product\/3690031\/revisions"}],"wp:featuredmedia":[{"embeddable":true,"href":"https:\/\/stoic-curie.212-227-153-4.plesk.page\/hr\/wp-json\/wp\/v2\/media\/5943330"}],"wp:attachment":[{"href":"https:\/\/stoic-curie.212-227-153-4.plesk.page\/hr\/wp-json\/wp\/v2\/media?parent=3690031"}],"wp:term":[{"taxonomy":"product_brand","embeddable":true,"href":"https:\/\/stoic-curie.212-227-153-4.plesk.page\/hr\/wp-json\/wp\/v2\/product_brand?post=3690031"},{"taxonomy":"product_cat","embeddable":true,"href":"https:\/\/stoic-curie.212-227-153-4.plesk.page\/hr\/wp-json\/wp\/v2\/product_cat?post=3690031"},{"taxonomy":"product_tag","embeddable":true,"href":"https:\/\/stoic-curie.212-227-153-4.plesk.page\/hr\/wp-json\/wp\/v2\/product_tag?post=3690031"}],"curies":[{"name":"wp","href":"https:\/\/api.w.org\/{rel}","templated":true}]}}