{"id":3690060,"date":"2025-10-13T13:41:08","date_gmt":"2025-10-13T17:41:08","guid":{"rendered":"https:\/\/stoic-curie.212-227-153-4.plesk.page\/product\/kaljuzna-pumpa-rule-c-360gph-12v\/"},"modified":"2026-02-25T00:00:57","modified_gmt":"2026-02-25T00:00:57","slug":"kaljuzna-pumpa-rule-c-360gph-12v","status":"publish","type":"product","link":"https:\/\/stoic-curie.212-227-153-4.plesk.page\/hr\/product\/kaljuzna-pumpa-rule-c-360gph-12v\/","title":{"rendered":"Kalju\u017ena pumpa Rule C 360gph 12v"},"content":{"rendered":"<p>Kalju\u017ena pumpa Rule C 360gph 12v &#8211; <\/p>\n<p>Rule kompaktna potopna pumpa za ispu\u0161tanje. Uklju\u010duje povratni ventil i sigurnosni toplinski prekida\u010d. Dimenzije 64 x 74 x H99 mm (Model 1100 = H111 mm).<\/p>\n","protected":false},"excerpt":{"rendered":"<p>Kalju\u017ena pumpa Rule C 360gph 12v &#8211; Rule kompaktna potopna pumpa za ispu\u0161tanje. Uklju\u010duje povratni ventil i sigurnosni toplinski prekida\u010d.<\/p>\n","protected":false},"featured_media":5943365,"comment_status":"closed","ping_status":"closed","template":"","meta":[],"product_brand":[3326],"product_cat":[1659],"product_tag":[],"class_list":{"0":"post-3690060","1":"product","2":"type-product","3":"status-publish","4":"has-post-thumbnail","6":"product_brand-rule-hr","7":"product_cat-elektricne-kaljuzne-pumpe","9":"first","10":"instock","11":"shipping-taxable","12":"purchasable","13":"product-type-simple"},"_links":{"self":[{"href":"https:\/\/stoic-curie.212-227-153-4.plesk.page\/hr\/wp-json\/wp\/v2\/product\/3690060","targetHints":{"allow":["GET"]}}],"collection":[{"href":"https:\/\/stoic-curie.212-227-153-4.plesk.page\/hr\/wp-json\/wp\/v2\/product"}],"about":[{"href":"https:\/\/stoic-curie.212-227-153-4.plesk.page\/hr\/wp-json\/wp\/v2\/types\/product"}],"replies":[{"embeddable":true,"href":"https:\/\/stoic-curie.212-227-153-4.plesk.page\/hr\/wp-json\/wp\/v2\/comments?post=3690060"}],"version-history":[{"count":0,"href":"https:\/\/stoic-curie.212-227-153-4.plesk.page\/hr\/wp-json\/wp\/v2\/product\/3690060\/revisions"}],"wp:featuredmedia":[{"embeddable":true,"href":"https:\/\/stoic-curie.212-227-153-4.plesk.page\/hr\/wp-json\/wp\/v2\/media\/5943365"}],"wp:attachment":[{"href":"https:\/\/stoic-curie.212-227-153-4.plesk.page\/hr\/wp-json\/wp\/v2\/media?parent=3690060"}],"wp:term":[{"taxonomy":"product_brand","embeddable":true,"href":"https:\/\/stoic-curie.212-227-153-4.plesk.page\/hr\/wp-json\/wp\/v2\/product_brand?post=3690060"},{"taxonomy":"product_cat","embeddable":true,"href":"https:\/\/stoic-curie.212-227-153-4.plesk.page\/hr\/wp-json\/wp\/v2\/product_cat?post=3690060"},{"taxonomy":"product_tag","embeddable":true,"href":"https:\/\/stoic-curie.212-227-153-4.plesk.page\/hr\/wp-json\/wp\/v2\/product_tag?post=3690060"}],"curies":[{"name":"wp","href":"https:\/\/api.w.org\/{rel}","templated":true}]}}