{"id":3690063,"date":"2025-10-13T13:41:09","date_gmt":"2025-10-13T17:41:09","guid":{"rendered":"https:\/\/stoic-curie.212-227-153-4.plesk.page\/product\/aa-upravljacka-ploca-za-kaljuzne-pumpe\/"},"modified":"2026-02-25T00:00:57","modified_gmt":"2026-02-25T00:00:57","slug":"aa-upravljacka-ploca-za-kaljuzne-pumpe","status":"publish","type":"product","link":"https:\/\/stoic-curie.212-227-153-4.plesk.page\/hr\/product\/aa-upravljacka-ploca-za-kaljuzne-pumpe\/","title":{"rendered":"AA Upravlja\u010dka plo\u010da za kalju\u017ene pumpe"},"content":{"rendered":"<p>AA Upravlja\u010dka plo\u010da za kalju\u017ene pumpe &#8211; <\/p>\n<p>AA kontrolna plo\u010da s prekida\u010dem u 3 pozicije: Uklju\u010deno &#8211; Isklju\u010deno &#8211; Automatski.<\/p>\n","protected":false},"excerpt":{"rendered":"<p>AA Upravlja\u010dka plo\u010da za kalju\u017ene pumpe &#8211; AA kontrolna plo\u010da s prekida\u010dem u 3 pozicije: Uklju\u010deno &#8211; Isklju\u010deno &#8211; Automatski.<\/p>\n","protected":false},"featured_media":5943373,"comment_status":"closed","ping_status":"closed","template":"","meta":[],"product_brand":[3236],"product_cat":[1659],"product_tag":[],"class_list":{"0":"post-3690063","1":"product","2":"type-product","3":"status-publish","4":"has-post-thumbnail","6":"product_brand-osculati-hr","7":"product_cat-elektricne-kaljuzne-pumpe","9":"first","10":"instock","11":"shipping-taxable","12":"purchasable","13":"product-type-simple"},"_links":{"self":[{"href":"https:\/\/stoic-curie.212-227-153-4.plesk.page\/hr\/wp-json\/wp\/v2\/product\/3690063","targetHints":{"allow":["GET"]}}],"collection":[{"href":"https:\/\/stoic-curie.212-227-153-4.plesk.page\/hr\/wp-json\/wp\/v2\/product"}],"about":[{"href":"https:\/\/stoic-curie.212-227-153-4.plesk.page\/hr\/wp-json\/wp\/v2\/types\/product"}],"replies":[{"embeddable":true,"href":"https:\/\/stoic-curie.212-227-153-4.plesk.page\/hr\/wp-json\/wp\/v2\/comments?post=3690063"}],"version-history":[{"count":0,"href":"https:\/\/stoic-curie.212-227-153-4.plesk.page\/hr\/wp-json\/wp\/v2\/product\/3690063\/revisions"}],"wp:featuredmedia":[{"embeddable":true,"href":"https:\/\/stoic-curie.212-227-153-4.plesk.page\/hr\/wp-json\/wp\/v2\/media\/5943373"}],"wp:attachment":[{"href":"https:\/\/stoic-curie.212-227-153-4.plesk.page\/hr\/wp-json\/wp\/v2\/media?parent=3690063"}],"wp:term":[{"taxonomy":"product_brand","embeddable":true,"href":"https:\/\/stoic-curie.212-227-153-4.plesk.page\/hr\/wp-json\/wp\/v2\/product_brand?post=3690063"},{"taxonomy":"product_cat","embeddable":true,"href":"https:\/\/stoic-curie.212-227-153-4.plesk.page\/hr\/wp-json\/wp\/v2\/product_cat?post=3690063"},{"taxonomy":"product_tag","embeddable":true,"href":"https:\/\/stoic-curie.212-227-153-4.plesk.page\/hr\/wp-json\/wp\/v2\/product_tag?post=3690063"}],"curies":[{"name":"wp","href":"https:\/\/api.w.org\/{rel}","templated":true}]}}