{"id":3690064,"date":"2025-10-13T13:41:10","date_gmt":"2025-10-13T17:41:10","guid":{"rendered":"https:\/\/stoic-curie.212-227-153-4.plesk.page\/product\/vertikalna-sklopka-za-pumpe-za-kaljuzu\/"},"modified":"2026-02-25T00:00:57","modified_gmt":"2026-02-25T00:00:57","slug":"vertikalna-sklopka-za-pumpe-za-kaljuzu","status":"publish","type":"product","link":"https:\/\/stoic-curie.212-227-153-4.plesk.page\/hr\/product\/vertikalna-sklopka-za-pumpe-za-kaljuzu\/","title":{"rendered":"Vertikalna sklopka za pumpe za kalju\u017eu"},"content":{"rendered":"<p>Vertikalna sklopka za pumpe za kalju\u017eu &#8211; <\/p>\n<p>3-polo\u017eni panele prekida\u010da pumpe za balast AA s osigura\u010dem: automatski\u2013isklju\u010den\u2013ru\u010dno.<\/p>\n","protected":false},"excerpt":{"rendered":"<p>Vertikalna sklopka za pumpe za kalju\u017eu &#8211; 3-polo\u017eni panele prekida\u010da pumpe za balast AA s osigura\u010dem: automatski\u2013isklju\u010den\u2013ru\u010dno.<\/p>\n","protected":false},"featured_media":5939003,"comment_status":"closed","ping_status":"closed","template":"","meta":[],"product_brand":[3236],"product_cat":[1659],"product_tag":[],"class_list":{"0":"post-3690064","1":"product","2":"type-product","3":"status-publish","4":"has-post-thumbnail","6":"product_brand-osculati-hr","7":"product_cat-elektricne-kaljuzne-pumpe","9":"first","10":"instock","11":"shipping-taxable","12":"purchasable","13":"product-type-simple"},"_links":{"self":[{"href":"https:\/\/stoic-curie.212-227-153-4.plesk.page\/hr\/wp-json\/wp\/v2\/product\/3690064","targetHints":{"allow":["GET"]}}],"collection":[{"href":"https:\/\/stoic-curie.212-227-153-4.plesk.page\/hr\/wp-json\/wp\/v2\/product"}],"about":[{"href":"https:\/\/stoic-curie.212-227-153-4.plesk.page\/hr\/wp-json\/wp\/v2\/types\/product"}],"replies":[{"embeddable":true,"href":"https:\/\/stoic-curie.212-227-153-4.plesk.page\/hr\/wp-json\/wp\/v2\/comments?post=3690064"}],"version-history":[{"count":0,"href":"https:\/\/stoic-curie.212-227-153-4.plesk.page\/hr\/wp-json\/wp\/v2\/product\/3690064\/revisions"}],"wp:featuredmedia":[{"embeddable":true,"href":"https:\/\/stoic-curie.212-227-153-4.plesk.page\/hr\/wp-json\/wp\/v2\/media\/5939003"}],"wp:attachment":[{"href":"https:\/\/stoic-curie.212-227-153-4.plesk.page\/hr\/wp-json\/wp\/v2\/media?parent=3690064"}],"wp:term":[{"taxonomy":"product_brand","embeddable":true,"href":"https:\/\/stoic-curie.212-227-153-4.plesk.page\/hr\/wp-json\/wp\/v2\/product_brand?post=3690064"},{"taxonomy":"product_cat","embeddable":true,"href":"https:\/\/stoic-curie.212-227-153-4.plesk.page\/hr\/wp-json\/wp\/v2\/product_cat?post=3690064"},{"taxonomy":"product_tag","embeddable":true,"href":"https:\/\/stoic-curie.212-227-153-4.plesk.page\/hr\/wp-json\/wp\/v2\/product_tag?post=3690064"}],"curies":[{"name":"wp","href":"https:\/\/api.w.org\/{rel}","templated":true}]}}