{"id":3690067,"date":"2025-10-13T13:41:11","date_gmt":"2025-10-13T17:41:11","guid":{"rendered":"https:\/\/stoic-curie.212-227-153-4.plesk.page\/product\/rucna-kaljuzna-pumpa-aa-ispiranje-35l-m\/"},"modified":"2026-02-25T00:00:57","modified_gmt":"2026-02-25T00:00:57","slug":"rucna-kaljuzna-pumpa-aa-ispiranje-35l-m","status":"publish","type":"product","link":"https:\/\/stoic-curie.212-227-153-4.plesk.page\/hr\/product\/rucna-kaljuzna-pumpa-aa-ispiranje-35l-m\/","title":{"rendered":"Ru\u010dna kalju\u017ena pumpa AA ispiranje 35l \/ m"},"content":{"rendered":"<p>Ru\u010dna kalju\u017ena pumpa AA ispiranje 35l \/ m &#8211; <\/p>\n<p>Potpuno ispra\u017eena dijafragmatska ru\u010dna pumpa za odvodnju. Monta\u017ea na pregradi s ispu\u0161nim ru\u010dicom. Uvijek spremna za uporabu zahvaljuju\u0107i integriranoj ru\u010dki.<\/p>\n","protected":false},"excerpt":{"rendered":"<p>Ru\u010dna kalju\u017ena pumpa AA ispiranje 35l \/ m &#8211; Potpuno ispra\u017eena dijafragmatska ru\u010dna pumpa za odvodnju. Monta\u017ea na pregradi s<\/p>\n","protected":false},"featured_media":5943379,"comment_status":"closed","ping_status":"closed","template":"","meta":[],"product_brand":[3236],"product_cat":[1654],"product_tag":[],"class_list":{"0":"post-3690067","1":"product","2":"type-product","3":"status-publish","4":"has-post-thumbnail","6":"product_brand-osculati-hr","7":"product_cat-rucne-kaljuzne-pumpe","9":"first","10":"instock","11":"shipping-taxable","12":"purchasable","13":"product-type-simple"},"_links":{"self":[{"href":"https:\/\/stoic-curie.212-227-153-4.plesk.page\/hr\/wp-json\/wp\/v2\/product\/3690067","targetHints":{"allow":["GET"]}}],"collection":[{"href":"https:\/\/stoic-curie.212-227-153-4.plesk.page\/hr\/wp-json\/wp\/v2\/product"}],"about":[{"href":"https:\/\/stoic-curie.212-227-153-4.plesk.page\/hr\/wp-json\/wp\/v2\/types\/product"}],"replies":[{"embeddable":true,"href":"https:\/\/stoic-curie.212-227-153-4.plesk.page\/hr\/wp-json\/wp\/v2\/comments?post=3690067"}],"version-history":[{"count":0,"href":"https:\/\/stoic-curie.212-227-153-4.plesk.page\/hr\/wp-json\/wp\/v2\/product\/3690067\/revisions"}],"wp:featuredmedia":[{"embeddable":true,"href":"https:\/\/stoic-curie.212-227-153-4.plesk.page\/hr\/wp-json\/wp\/v2\/media\/5943379"}],"wp:attachment":[{"href":"https:\/\/stoic-curie.212-227-153-4.plesk.page\/hr\/wp-json\/wp\/v2\/media?parent=3690067"}],"wp:term":[{"taxonomy":"product_brand","embeddable":true,"href":"https:\/\/stoic-curie.212-227-153-4.plesk.page\/hr\/wp-json\/wp\/v2\/product_brand?post=3690067"},{"taxonomy":"product_cat","embeddable":true,"href":"https:\/\/stoic-curie.212-227-153-4.plesk.page\/hr\/wp-json\/wp\/v2\/product_cat?post=3690067"},{"taxonomy":"product_tag","embeddable":true,"href":"https:\/\/stoic-curie.212-227-153-4.plesk.page\/hr\/wp-json\/wp\/v2\/product_tag?post=3690067"}],"curies":[{"name":"wp","href":"https:\/\/api.w.org\/{rel}","templated":true}]}}