{"id":3690074,"date":"2025-10-13T13:41:13","date_gmt":"2025-10-13T17:41:13","guid":{"rendered":"https:\/\/stoic-curie.212-227-153-4.plesk.page\/product\/regulator-naplate-za-solarne-panele-240-480wat-1-baterija\/"},"modified":"2026-02-25T00:00:57","modified_gmt":"2026-02-25T00:00:57","slug":"regulator-naplate-za-solarne-panele-240-480wat-1-baterija","status":"publish","type":"product","link":"https:\/\/stoic-curie.212-227-153-4.plesk.page\/hr\/product\/regulator-naplate-za-solarne-panele-240-480wat-1-baterija\/","title":{"rendered":"Regulator naplate za solarne panele 240\/480wat 1 baterija"},"content":{"rendered":"<p>Regulator naplate za solarne panele 240\/480wat 1 baterija &#8211; <\/p>\n<p>Solarni regulator punjenja za fotonaponske panele i sustave. Punjenje u 3 faze s PWM tehnologijom za ispravno prijenos struje iz panela do dva baterijska banke. Pogodan za svaku olovno-kiselinsku bateriju, uklju\u010duju\u0107i AGM i gel. Nije kompatibilan s litij-ionskim i NiMH baterijama. Optere\u0107en LED zaslonom, dvostrukom 2A USB uti\u010dnicom, tipkom za postavljanje punjenja i MOS krugom koji \u0161titi regulator od kratkog spoja, prenapona i obrnutih polariteta.<\/p>\n","protected":false},"excerpt":{"rendered":"<p>Regulator naplate za solarne panele 240\/480wat 1 baterija &#8211; Solarni regulator punjenja za fotonaponske panele i sustave. Punjenje u 3<\/p>\n","protected":false},"featured_media":5941273,"comment_status":"closed","ping_status":"closed","template":"","meta":[],"product_brand":[2831],"product_cat":[1749],"product_tag":[],"class_list":{"0":"post-3690074","1":"product","2":"type-product","3":"status-publish","4":"has-post-thumbnail","6":"product_brand-blue-sea-systems-hr","7":"product_cat-solarni-paneli","9":"first","10":"instock","11":"shipping-taxable","12":"purchasable","13":"product-type-simple"},"_links":{"self":[{"href":"https:\/\/stoic-curie.212-227-153-4.plesk.page\/hr\/wp-json\/wp\/v2\/product\/3690074","targetHints":{"allow":["GET"]}}],"collection":[{"href":"https:\/\/stoic-curie.212-227-153-4.plesk.page\/hr\/wp-json\/wp\/v2\/product"}],"about":[{"href":"https:\/\/stoic-curie.212-227-153-4.plesk.page\/hr\/wp-json\/wp\/v2\/types\/product"}],"replies":[{"embeddable":true,"href":"https:\/\/stoic-curie.212-227-153-4.plesk.page\/hr\/wp-json\/wp\/v2\/comments?post=3690074"}],"version-history":[{"count":0,"href":"https:\/\/stoic-curie.212-227-153-4.plesk.page\/hr\/wp-json\/wp\/v2\/product\/3690074\/revisions"}],"wp:featuredmedia":[{"embeddable":true,"href":"https:\/\/stoic-curie.212-227-153-4.plesk.page\/hr\/wp-json\/wp\/v2\/media\/5941273"}],"wp:attachment":[{"href":"https:\/\/stoic-curie.212-227-153-4.plesk.page\/hr\/wp-json\/wp\/v2\/media?parent=3690074"}],"wp:term":[{"taxonomy":"product_brand","embeddable":true,"href":"https:\/\/stoic-curie.212-227-153-4.plesk.page\/hr\/wp-json\/wp\/v2\/product_brand?post=3690074"},{"taxonomy":"product_cat","embeddable":true,"href":"https:\/\/stoic-curie.212-227-153-4.plesk.page\/hr\/wp-json\/wp\/v2\/product_cat?post=3690074"},{"taxonomy":"product_tag","embeddable":true,"href":"https:\/\/stoic-curie.212-227-153-4.plesk.page\/hr\/wp-json\/wp\/v2\/product_tag?post=3690074"}],"curies":[{"name":"wp","href":"https:\/\/api.w.org\/{rel}","templated":true}]}}