{"id":3690078,"date":"2025-10-13T13:41:14","date_gmt":"2025-10-13T17:41:14","guid":{"rendered":"https:\/\/stoic-curie.212-227-153-4.plesk.page\/product\/selektor-sklopke-za-bateriju-mini-key-250a\/"},"modified":"2026-02-25T00:00:58","modified_gmt":"2026-02-25T00:00:58","slug":"selektor-sklopke-za-bateriju-mini-key-250a","status":"publish","type":"product","link":"https:\/\/stoic-curie.212-227-153-4.plesk.page\/hr\/product\/selektor-sklopke-za-bateriju-mini-key-250a\/","title":{"rendered":"Selektor sklopke za bateriju Mini Key 250a"},"content":{"rendered":"<p>Selektor sklopke za bateriju Mini Key 250a &#8211; <\/p>\n<p>Kompaktni prekida\u010d za odabir baterije sa \u010detiri polo\u017eaja. Omogu\u0107uje izolaciju baterije, odabir jedne od dvije baterije ili odabir obiju istodobno. Monta\u017ea na povr\u0161inu ili ugradna. Uklonjiva klju\u010d.<\/p>\n","protected":false},"excerpt":{"rendered":"<p>Selektor sklopke za bateriju Mini Key 250a &#8211; Kompaktni prekida\u010d za odabir baterije sa \u010detiri polo\u017eaja. Omogu\u0107uje izolaciju baterije, odabir<\/p>\n","protected":false},"featured_media":5943392,"comment_status":"closed","ping_status":"closed","template":"","meta":[],"product_brand":[2831],"product_cat":[1745],"product_tag":[],"class_list":{"0":"post-3690078","1":"product","2":"type-product","3":"status-publish","4":"has-post-thumbnail","6":"product_brand-blue-sea-systems-hr","7":"product_cat-prekidaci-baterija","9":"first","10":"instock","11":"shipping-taxable","12":"purchasable","13":"product-type-simple"},"_links":{"self":[{"href":"https:\/\/stoic-curie.212-227-153-4.plesk.page\/hr\/wp-json\/wp\/v2\/product\/3690078","targetHints":{"allow":["GET"]}}],"collection":[{"href":"https:\/\/stoic-curie.212-227-153-4.plesk.page\/hr\/wp-json\/wp\/v2\/product"}],"about":[{"href":"https:\/\/stoic-curie.212-227-153-4.plesk.page\/hr\/wp-json\/wp\/v2\/types\/product"}],"replies":[{"embeddable":true,"href":"https:\/\/stoic-curie.212-227-153-4.plesk.page\/hr\/wp-json\/wp\/v2\/comments?post=3690078"}],"version-history":[{"count":0,"href":"https:\/\/stoic-curie.212-227-153-4.plesk.page\/hr\/wp-json\/wp\/v2\/product\/3690078\/revisions"}],"wp:featuredmedia":[{"embeddable":true,"href":"https:\/\/stoic-curie.212-227-153-4.plesk.page\/hr\/wp-json\/wp\/v2\/media\/5943392"}],"wp:attachment":[{"href":"https:\/\/stoic-curie.212-227-153-4.plesk.page\/hr\/wp-json\/wp\/v2\/media?parent=3690078"}],"wp:term":[{"taxonomy":"product_brand","embeddable":true,"href":"https:\/\/stoic-curie.212-227-153-4.plesk.page\/hr\/wp-json\/wp\/v2\/product_brand?post=3690078"},{"taxonomy":"product_cat","embeddable":true,"href":"https:\/\/stoic-curie.212-227-153-4.plesk.page\/hr\/wp-json\/wp\/v2\/product_cat?post=3690078"},{"taxonomy":"product_tag","embeddable":true,"href":"https:\/\/stoic-curie.212-227-153-4.plesk.page\/hr\/wp-json\/wp\/v2\/product_tag?post=3690078"}],"curies":[{"name":"wp","href":"https:\/\/api.w.org\/{rel}","templated":true}]}}