{"id":3690080,"date":"2025-10-13T13:41:14","date_gmt":"2025-10-13T17:41:14","guid":{"rendered":"https:\/\/stoic-curie.212-227-153-4.plesk.page\/product\/klasicne-led-plafonjere-od-nehrdajuceg-celika-s-prekidacem-168mm\/"},"modified":"2026-02-25T00:00:58","modified_gmt":"2026-02-25T00:00:58","slug":"klasicne-led-plafonjere-od-nehrdajuceg-celika-s-prekidacem-168mm","status":"publish","type":"product","link":"https:\/\/stoic-curie.212-227-153-4.plesk.page\/hr\/product\/klasicne-led-plafonjere-od-nehrdajuceg-celika-s-prekidacem-168mm\/","title":{"rendered":"Klasicne LED plafonjere od nehr\u0111aju\u0107eg \u010delika s prekida\u010dem 168mm"},"content":{"rendered":"<p>Klasicne LED plafonjere od nehr\u0111aju\u0107eg \u010delika s prekida\u010dem 168mm &#8211; <\/p>\n<p>Klasi\u010dne dome svjetiljke od nehr\u0111aju\u0107eg \u010delika s 12V LED i prekida\u010dem.<\/p>\n","protected":false},"excerpt":{"rendered":"<p>Klasicne LED plafonjere od nehr\u0111aju\u0107eg \u010delika s prekida\u010dem 168mm &#8211; Klasi\u010dne dome svjetiljke od nehr\u0111aju\u0107eg \u010delika s 12V LED i<\/p>\n","protected":false},"featured_media":5943396,"comment_status":"closed","ping_status":"closed","template":"","meta":[],"product_brand":[3221],"product_cat":[1739],"product_tag":[],"class_list":{"0":"post-3690080","1":"product","2":"type-product","3":"status-publish","4":"has-post-thumbnail","6":"product_brand-oceanled-hr","7":"product_cat-rasvjeta","9":"first","10":"instock","11":"shipping-taxable","12":"purchasable","13":"product-type-simple"},"_links":{"self":[{"href":"https:\/\/stoic-curie.212-227-153-4.plesk.page\/hr\/wp-json\/wp\/v2\/product\/3690080","targetHints":{"allow":["GET"]}}],"collection":[{"href":"https:\/\/stoic-curie.212-227-153-4.plesk.page\/hr\/wp-json\/wp\/v2\/product"}],"about":[{"href":"https:\/\/stoic-curie.212-227-153-4.plesk.page\/hr\/wp-json\/wp\/v2\/types\/product"}],"replies":[{"embeddable":true,"href":"https:\/\/stoic-curie.212-227-153-4.plesk.page\/hr\/wp-json\/wp\/v2\/comments?post=3690080"}],"version-history":[{"count":0,"href":"https:\/\/stoic-curie.212-227-153-4.plesk.page\/hr\/wp-json\/wp\/v2\/product\/3690080\/revisions"}],"wp:featuredmedia":[{"embeddable":true,"href":"https:\/\/stoic-curie.212-227-153-4.plesk.page\/hr\/wp-json\/wp\/v2\/media\/5943396"}],"wp:attachment":[{"href":"https:\/\/stoic-curie.212-227-153-4.plesk.page\/hr\/wp-json\/wp\/v2\/media?parent=3690080"}],"wp:term":[{"taxonomy":"product_brand","embeddable":true,"href":"https:\/\/stoic-curie.212-227-153-4.plesk.page\/hr\/wp-json\/wp\/v2\/product_brand?post=3690080"},{"taxonomy":"product_cat","embeddable":true,"href":"https:\/\/stoic-curie.212-227-153-4.plesk.page\/hr\/wp-json\/wp\/v2\/product_cat?post=3690080"},{"taxonomy":"product_tag","embeddable":true,"href":"https:\/\/stoic-curie.212-227-153-4.plesk.page\/hr\/wp-json\/wp\/v2\/product_tag?post=3690080"}],"curies":[{"name":"wp","href":"https:\/\/api.w.org\/{rel}","templated":true}]}}