{"id":3690086,"date":"2025-10-13T13:41:16","date_gmt":"2025-10-13T17:41:16","guid":{"rendered":"https:\/\/stoic-curie.212-227-153-4.plesk.page\/product\/univerzalni-senzor-za-vodu-i-gorivo-10-180-ohma-400-mm\/"},"modified":"2026-02-25T00:00:58","modified_gmt":"2026-02-25T00:00:58","slug":"univerzalni-senzor-za-vodu-i-gorivo-10-180-ohma-400-mm","status":"publish","type":"product","link":"https:\/\/stoic-curie.212-227-153-4.plesk.page\/hr\/product\/univerzalni-senzor-za-vodu-i-gorivo-10-180-ohma-400-mm\/","title":{"rendered":"Univerzalni senzor za vodu i gorivo 10 &#8211; 180 ohma 400 mm"},"content":{"rendered":"<p>Univerzalni senzor za vodu i gorivo 10 &#8211; 180 ohma 400 mm &#8211; <\/p>\n<p>Vertikalni senzori za razinu vode\/goriva s VDO tipom 5 rupa flan\u0161a, navoj 1&#8243;1\/4. Tijelo od 316 nehr\u0111aju\u0107eg \u010delika. Impedancija 10 &#8211; 180 Ohm (prazno-puno). Pogodno za VDO &#8211; YAZAKI &#8211; FARIA EUROPE instrumente.<\/p>\n","protected":false},"excerpt":{"rendered":"<p>Univerzalni senzor za vodu i gorivo 10 &#8211; 180 ohma 400 mm &#8211; Vertikalni senzori za razinu vode\/goriva s VDO<\/p>\n","protected":false},"featured_media":5939520,"comment_status":"closed","ping_status":"closed","template":"","meta":[],"product_brand":[2831],"product_cat":[1782,1658],"product_tag":[],"class_list":{"0":"post-3690086","1":"product","2":"type-product","3":"status-publish","4":"has-post-thumbnail","6":"product_brand-blue-sea-systems-hr","7":"product_cat-mjeraci-razine-goriva-i-davaci","8":"product_cat-mjeraci-razine-vode-i-davaci-razine","10":"first","11":"instock","12":"shipping-taxable","13":"purchasable","14":"product-type-simple"},"_links":{"self":[{"href":"https:\/\/stoic-curie.212-227-153-4.plesk.page\/hr\/wp-json\/wp\/v2\/product\/3690086","targetHints":{"allow":["GET"]}}],"collection":[{"href":"https:\/\/stoic-curie.212-227-153-4.plesk.page\/hr\/wp-json\/wp\/v2\/product"}],"about":[{"href":"https:\/\/stoic-curie.212-227-153-4.plesk.page\/hr\/wp-json\/wp\/v2\/types\/product"}],"replies":[{"embeddable":true,"href":"https:\/\/stoic-curie.212-227-153-4.plesk.page\/hr\/wp-json\/wp\/v2\/comments?post=3690086"}],"version-history":[{"count":0,"href":"https:\/\/stoic-curie.212-227-153-4.plesk.page\/hr\/wp-json\/wp\/v2\/product\/3690086\/revisions"}],"wp:featuredmedia":[{"embeddable":true,"href":"https:\/\/stoic-curie.212-227-153-4.plesk.page\/hr\/wp-json\/wp\/v2\/media\/5939520"}],"wp:attachment":[{"href":"https:\/\/stoic-curie.212-227-153-4.plesk.page\/hr\/wp-json\/wp\/v2\/media?parent=3690086"}],"wp:term":[{"taxonomy":"product_brand","embeddable":true,"href":"https:\/\/stoic-curie.212-227-153-4.plesk.page\/hr\/wp-json\/wp\/v2\/product_brand?post=3690086"},{"taxonomy":"product_cat","embeddable":true,"href":"https:\/\/stoic-curie.212-227-153-4.plesk.page\/hr\/wp-json\/wp\/v2\/product_cat?post=3690086"},{"taxonomy":"product_tag","embeddable":true,"href":"https:\/\/stoic-curie.212-227-153-4.plesk.page\/hr\/wp-json\/wp\/v2\/product_tag?post=3690086"}],"curies":[{"name":"wp","href":"https:\/\/api.w.org\/{rel}","templated":true}]}}