{"id":3690087,"date":"2025-10-13T13:41:16","date_gmt":"2025-10-13T17:41:16","guid":{"rendered":"https:\/\/stoic-curie.212-227-153-4.plesk.page\/product\/led-svjetlo-za-windex-pokazatelj-vjetra\/"},"modified":"2026-02-25T00:00:58","modified_gmt":"2026-02-25T00:00:58","slug":"led-svjetlo-za-windex-pokazatelj-vjetra","status":"publish","type":"product","link":"https:\/\/stoic-curie.212-227-153-4.plesk.page\/hr\/product\/led-svjetlo-za-windex-pokazatelj-vjetra\/","title":{"rendered":"LED svjetlo za Windex pokazatelj vjetra"},"content":{"rendered":"<p>LED svjetlo za Windex pokazatelj vjetra &#8211; <\/p>\n<p>Windex indikator smjera vjetra pru\u017ea to\u010dne informacije o smjeru izgleda vjetra. Ovjes s le\u017eajem od safirnog dragulja, referentne to\u010dke koje se odbijaju odozdo i prilagodive pod kutom vjetra. Opcijska LED no\u0107na svjetlost dostupna za sve modele, opcijska ptica bodlja samo za model od 15&#8243;.<\/p>\n","protected":false},"excerpt":{"rendered":"<p>LED svjetlo za Windex pokazatelj vjetra &#8211; Windex indikator smjera vjetra pru\u017ea to\u010dne informacije o smjeru izgleda vjetra. Ovjes s<\/p>\n","protected":false},"featured_media":5943402,"comment_status":"closed","ping_status":"closed","template":"","meta":[],"product_brand":[3541],"product_cat":[1771,1776],"product_tag":[],"class_list":{"0":"post-3690087","1":"product","2":"type-product","3":"status-publish","4":"has-post-thumbnail","6":"product_brand-windex-hr","7":"product_cat-oprema-za-jedrilice-oprema-za-jedrilice","8":"product_cat-oprema-za-signalizaciju","10":"first","11":"instock","12":"shipping-taxable","13":"purchasable","14":"product-type-simple"},"_links":{"self":[{"href":"https:\/\/stoic-curie.212-227-153-4.plesk.page\/hr\/wp-json\/wp\/v2\/product\/3690087","targetHints":{"allow":["GET"]}}],"collection":[{"href":"https:\/\/stoic-curie.212-227-153-4.plesk.page\/hr\/wp-json\/wp\/v2\/product"}],"about":[{"href":"https:\/\/stoic-curie.212-227-153-4.plesk.page\/hr\/wp-json\/wp\/v2\/types\/product"}],"replies":[{"embeddable":true,"href":"https:\/\/stoic-curie.212-227-153-4.plesk.page\/hr\/wp-json\/wp\/v2\/comments?post=3690087"}],"version-history":[{"count":0,"href":"https:\/\/stoic-curie.212-227-153-4.plesk.page\/hr\/wp-json\/wp\/v2\/product\/3690087\/revisions"}],"wp:featuredmedia":[{"embeddable":true,"href":"https:\/\/stoic-curie.212-227-153-4.plesk.page\/hr\/wp-json\/wp\/v2\/media\/5943402"}],"wp:attachment":[{"href":"https:\/\/stoic-curie.212-227-153-4.plesk.page\/hr\/wp-json\/wp\/v2\/media?parent=3690087"}],"wp:term":[{"taxonomy":"product_brand","embeddable":true,"href":"https:\/\/stoic-curie.212-227-153-4.plesk.page\/hr\/wp-json\/wp\/v2\/product_brand?post=3690087"},{"taxonomy":"product_cat","embeddable":true,"href":"https:\/\/stoic-curie.212-227-153-4.plesk.page\/hr\/wp-json\/wp\/v2\/product_cat?post=3690087"},{"taxonomy":"product_tag","embeddable":true,"href":"https:\/\/stoic-curie.212-227-153-4.plesk.page\/hr\/wp-json\/wp\/v2\/product_tag?post=3690087"}],"curies":[{"name":"wp","href":"https:\/\/api.w.org\/{rel}","templated":true}]}}