{"id":3690088,"date":"2025-10-13T13:41:16","date_gmt":"2025-10-13T17:41:16","guid":{"rendered":"https:\/\/stoic-curie.212-227-153-4.plesk.page\/product\/rucni-kompas-riviera-mizar-zuti\/"},"modified":"2026-02-25T00:00:58","modified_gmt":"2026-02-25T00:00:58","slug":"rucni-kompas-riviera-mizar-zuti","status":"publish","type":"product","link":"https:\/\/stoic-curie.212-227-153-4.plesk.page\/hr\/product\/rucni-kompas-riviera-mizar-zuti\/","title":{"rendered":"Ru\u010dni kompas Riviera Mizar, \u017euti"},"content":{"rendered":"<p>Ru\u010dni kompas Riviera Mizar, \u017euti &#8211; <\/p>\n<p>Plutaju\u0107i rukohvatni kompas Riviera Mizar. <br \/> \u2022 O\u010ditavanje promjera 1&#8243;7\/8 (-50 mm) <br \/> \u2022 Direktno o\u010ditanje (graduacija karte 10\u00b0) <br \/> \u2022 Plutaju\u0107i &#8211; otporan na udarce <br \/> \u2022 Rotiraju\u0107i okvir &#8211; Luminescentna karta <br \/> \u2022 Dimenzije: 80x60x22 mm<\/p>\n","protected":false},"excerpt":{"rendered":"<p>Ru\u010dni kompas Riviera Mizar, \u017euti &#8211; Plutaju\u0107i rukohvatni kompas Riviera Mizar. \u2022 O\u010ditavanje promjera 1&#8243;7\/8 (-50 mm) \u2022 Direktno o\u010ditanje<\/p>\n","protected":false},"featured_media":5936626,"comment_status":"closed","ping_status":"closed","template":"","meta":[],"product_brand":[3306],"product_cat":[1780,1775],"product_tag":[],"class_list":{"0":"post-3690088","1":"product","2":"type-product","3":"status-publish","4":"has-post-thumbnail","6":"product_brand-riviera-hr","7":"product_cat-navigacijski-kompas","8":"product_cat-rucni-brodski-kompasi","10":"first","11":"instock","12":"shipping-taxable","13":"purchasable","14":"product-type-simple"},"_links":{"self":[{"href":"https:\/\/stoic-curie.212-227-153-4.plesk.page\/hr\/wp-json\/wp\/v2\/product\/3690088","targetHints":{"allow":["GET"]}}],"collection":[{"href":"https:\/\/stoic-curie.212-227-153-4.plesk.page\/hr\/wp-json\/wp\/v2\/product"}],"about":[{"href":"https:\/\/stoic-curie.212-227-153-4.plesk.page\/hr\/wp-json\/wp\/v2\/types\/product"}],"replies":[{"embeddable":true,"href":"https:\/\/stoic-curie.212-227-153-4.plesk.page\/hr\/wp-json\/wp\/v2\/comments?post=3690088"}],"version-history":[{"count":0,"href":"https:\/\/stoic-curie.212-227-153-4.plesk.page\/hr\/wp-json\/wp\/v2\/product\/3690088\/revisions"}],"wp:featuredmedia":[{"embeddable":true,"href":"https:\/\/stoic-curie.212-227-153-4.plesk.page\/hr\/wp-json\/wp\/v2\/media\/5936626"}],"wp:attachment":[{"href":"https:\/\/stoic-curie.212-227-153-4.plesk.page\/hr\/wp-json\/wp\/v2\/media?parent=3690088"}],"wp:term":[{"taxonomy":"product_brand","embeddable":true,"href":"https:\/\/stoic-curie.212-227-153-4.plesk.page\/hr\/wp-json\/wp\/v2\/product_brand?post=3690088"},{"taxonomy":"product_cat","embeddable":true,"href":"https:\/\/stoic-curie.212-227-153-4.plesk.page\/hr\/wp-json\/wp\/v2\/product_cat?post=3690088"},{"taxonomy":"product_tag","embeddable":true,"href":"https:\/\/stoic-curie.212-227-153-4.plesk.page\/hr\/wp-json\/wp\/v2\/product_tag?post=3690088"}],"curies":[{"name":"wp","href":"https:\/\/api.w.org\/{rel}","templated":true}]}}