{"id":3690090,"date":"2025-10-13T13:41:17","date_gmt":"2025-10-13T17:41:17","guid":{"rendered":"https:\/\/stoic-curie.212-227-153-4.plesk.page\/product\/prsluk-za-spasavanje-za-pse-i-macke-10-25-kg\/"},"modified":"2026-02-25T00:00:58","modified_gmt":"2026-02-25T00:00:58","slug":"prsluk-za-spasavanje-za-pse-i-macke-10-25-kg","status":"publish","type":"product","link":"https:\/\/stoic-curie.212-227-153-4.plesk.page\/hr\/product\/prsluk-za-spasavanje-za-pse-i-macke-10-25-kg\/","title":{"rendered":"Prsluk za spa\u0161avanje za pse i macke 10-25 kg"},"content":{"rendered":"<p>Prsluk za spa\u0161avanje za pse i macke 10-25 kg &#8211; <\/p>\n<p>Izvrsne kvalitete odobrene prsluke za spa\u0161avanje za pse i ma\u010dke. Opremljeni su s ru\u010dkom i lako se pode\u0161avaju.<\/p>\n","protected":false},"excerpt":{"rendered":"<p>Prsluk za spa\u0161avanje za pse i macke 10-25 kg &#8211; Izvrsne kvalitete odobrene prsluke za spa\u0161avanje za pse i ma\u010dke.<\/p>\n","protected":false},"featured_media":5939609,"comment_status":"closed","ping_status":"closed","template":"","meta":[],"product_brand":[3516],"product_cat":[1601],"product_tag":[],"class_list":{"0":"post-3690090","1":"product","2":"type-product","3":"status-publish","4":"has-post-thumbnail","6":"product_brand-veleria-san-giorgio-hr","7":"product_cat-odobreni-prsluci-za-spasavanje","9":"first","10":"instock","11":"shipping-taxable","12":"purchasable","13":"product-type-simple"},"_links":{"self":[{"href":"https:\/\/stoic-curie.212-227-153-4.plesk.page\/hr\/wp-json\/wp\/v2\/product\/3690090","targetHints":{"allow":["GET"]}}],"collection":[{"href":"https:\/\/stoic-curie.212-227-153-4.plesk.page\/hr\/wp-json\/wp\/v2\/product"}],"about":[{"href":"https:\/\/stoic-curie.212-227-153-4.plesk.page\/hr\/wp-json\/wp\/v2\/types\/product"}],"replies":[{"embeddable":true,"href":"https:\/\/stoic-curie.212-227-153-4.plesk.page\/hr\/wp-json\/wp\/v2\/comments?post=3690090"}],"version-history":[{"count":0,"href":"https:\/\/stoic-curie.212-227-153-4.plesk.page\/hr\/wp-json\/wp\/v2\/product\/3690090\/revisions"}],"wp:featuredmedia":[{"embeddable":true,"href":"https:\/\/stoic-curie.212-227-153-4.plesk.page\/hr\/wp-json\/wp\/v2\/media\/5939609"}],"wp:attachment":[{"href":"https:\/\/stoic-curie.212-227-153-4.plesk.page\/hr\/wp-json\/wp\/v2\/media?parent=3690090"}],"wp:term":[{"taxonomy":"product_brand","embeddable":true,"href":"https:\/\/stoic-curie.212-227-153-4.plesk.page\/hr\/wp-json\/wp\/v2\/product_brand?post=3690090"},{"taxonomy":"product_cat","embeddable":true,"href":"https:\/\/stoic-curie.212-227-153-4.plesk.page\/hr\/wp-json\/wp\/v2\/product_cat?post=3690090"},{"taxonomy":"product_tag","embeddable":true,"href":"https:\/\/stoic-curie.212-227-153-4.plesk.page\/hr\/wp-json\/wp\/v2\/product_tag?post=3690090"}],"curies":[{"name":"wp","href":"https:\/\/api.w.org\/{rel}","templated":true}]}}