{"id":3690094,"date":"2025-10-13T13:41:18","date_gmt":"2025-10-13T17:41:18","guid":{"rendered":"https:\/\/stoic-curie.212-227-153-4.plesk.page\/product\/diskovi-za-poliranje-cicak-trakom-45mm\/"},"modified":"2026-02-25T00:00:58","modified_gmt":"2026-02-25T00:00:58","slug":"diskovi-za-poliranje-cicak-trakom-45mm","status":"publish","type":"product","link":"https:\/\/stoic-curie.212-227-153-4.plesk.page\/hr\/product\/diskovi-za-poliranje-cicak-trakom-45mm\/","title":{"rendered":"Diskovi za poliranje \u010di\u010dak trakom 45mm"},"content":{"rendered":"<p>Diskovi za poliranje \u010di\u010dak trakom 45mm &#8211; <\/p>\n<p>Vi\u0161enamjenski \u010di\u010dak diskovi za tkanine, prikladni za mu\u0161ke i \u017eenske varijante.<\/p>\n","protected":false},"excerpt":{"rendered":"<p>Diskovi za poliranje \u010di\u010dak trakom 45mm &#8211; Vi\u0161enamjenski \u010di\u010dak diskovi za tkanine, prikladni za mu\u0161ke i \u017eenske varijante.<\/p>\n","protected":false},"featured_media":5943417,"comment_status":"closed","ping_status":"closed","template":"","meta":[],"product_brand":[3236],"product_cat":[1632],"product_tag":[],"class_list":{"0":"post-3690094","1":"product","2":"type-product","3":"status-publish","4":"has-post-thumbnail","6":"product_brand-osculati-hr","7":"product_cat-alati-za-bojanje","9":"first","10":"instock","11":"shipping-taxable","12":"purchasable","13":"product-type-simple"},"_links":{"self":[{"href":"https:\/\/stoic-curie.212-227-153-4.plesk.page\/hr\/wp-json\/wp\/v2\/product\/3690094","targetHints":{"allow":["GET"]}}],"collection":[{"href":"https:\/\/stoic-curie.212-227-153-4.plesk.page\/hr\/wp-json\/wp\/v2\/product"}],"about":[{"href":"https:\/\/stoic-curie.212-227-153-4.plesk.page\/hr\/wp-json\/wp\/v2\/types\/product"}],"replies":[{"embeddable":true,"href":"https:\/\/stoic-curie.212-227-153-4.plesk.page\/hr\/wp-json\/wp\/v2\/comments?post=3690094"}],"version-history":[{"count":0,"href":"https:\/\/stoic-curie.212-227-153-4.plesk.page\/hr\/wp-json\/wp\/v2\/product\/3690094\/revisions"}],"wp:featuredmedia":[{"embeddable":true,"href":"https:\/\/stoic-curie.212-227-153-4.plesk.page\/hr\/wp-json\/wp\/v2\/media\/5943417"}],"wp:attachment":[{"href":"https:\/\/stoic-curie.212-227-153-4.plesk.page\/hr\/wp-json\/wp\/v2\/media?parent=3690094"}],"wp:term":[{"taxonomy":"product_brand","embeddable":true,"href":"https:\/\/stoic-curie.212-227-153-4.plesk.page\/hr\/wp-json\/wp\/v2\/product_brand?post=3690094"},{"taxonomy":"product_cat","embeddable":true,"href":"https:\/\/stoic-curie.212-227-153-4.plesk.page\/hr\/wp-json\/wp\/v2\/product_cat?post=3690094"},{"taxonomy":"product_tag","embeddable":true,"href":"https:\/\/stoic-curie.212-227-153-4.plesk.page\/hr\/wp-json\/wp\/v2\/product_tag?post=3690094"}],"curies":[{"name":"wp","href":"https:\/\/api.w.org\/{rel}","templated":true}]}}